{"id":13971,"date":"2021-11-25T10:25:56","date_gmt":"2021-11-25T10:25:56","guid":{"rendered":"https:\/\/ellimonwaterfall.com\/?post_type=product&#038;p=13971"},"modified":"2025-02-27T13:38:24","modified_gmt":"2025-02-27T13:38:24","slug":"samana-cayo-levantado-bacardi-island-and-whale-watching-from-miches-in-catamaran","status":"publish","type":"product","link":"https:\/\/ellimonwaterfall.com\/bg\/dominicantour\/samana-cayo-levantado-bacardi-island-and-whale-watching-from-miches-in-catamaran\/","title":{"rendered":"\u0421\u0430\u043c\u0430\u043d\u0430 \u041a\u0430\u0439\u043e \u041b\u0435\u0432\u0430\u043d\u0442\u0430\u0434\u043e (\u043e\u0441\u0442\u0440\u043e\u0432 \u0411\u0430\u043a\u0430\u0440\u0434\u0438) \u0438 \u043d\u0430\u0431\u043b\u044e\u0434\u0435\u043d\u0438\u0435 \u043d\u0430 \u043a\u0438\u0442\u043e\u0432\u0435 \u043e\u0442 \u041c\u0438\u0447\u0435\u0441 \u0441 \u043a\u0430\u0442\u0430\u043c\u0430\u0440\u0430\u043d"},"content":{"rendered":"<p><span style=\"vertical-align: inherit;\"><span style=\"vertical-align: inherit;\"><div class=\"vc_row wpb_row vc_row-fluid\" ><\/div> <div class=\"wpb_column vc_column_container vc_col-sm-12\"><div class=\"vc_column-inner\"><div class=\"wpb_wrapper\"><\/div><\/div><\/div> [\/ vc_column] [\/ vc_row] <div class=\"vc_row wpb_row vc_row-fluid\" ><\/div> <div class=\"wpb_column vc_column_container vc_col-sm-12\"><div class=\"vc_column-inner\"><div class=\"wpb_wrapper\"><\/div><\/div><\/div> <div class=\"mkdf-section-title-holder\" style=\"text-align: left\">\n\t<div class=\"mkdf-st-inner\">\n\t\t\t\t\t\t\t<h3 class=\"mkdf-st-title\" >\n\t\t\t\tCayo Levantado + Avistamiento de ballenas de Miches en catamar\u00e1n\t\t\t<\/h3>\n\t\t\t\t\t<\/div>\n<\/div> <div class=\"vc_empty_space\"   style=\"height: 32px\"><span class=\"vc_empty_space_inner\"><\/span><\/div> \n\t<div class=\"wpb_text_column wpb_content_element\" >\n\t\t<div class=\"wpb_wrapper\">\n\t\t\t\n\t\t<\/div>\n\t<\/div>\n<\/span><\/span><\/p>\n<div class=\"vc_row wpb_row vc_row-fluid\">\n<div class=\"wpb_column vc_column_container vc_col-sm-12\">\n<div class=\"vc_column-inner\">\n<div class=\"wpb_wrapper\">\n<div class=\"wpb_text_column wpb_content_element\">\n<div class=\"wpb_wrapper\">\n<div class=\"vc_row wpb_row vc_row-fluid\">\n<div class=\"wpb_column vc_column_container vc_col-sm-12\">\n<div class=\"vc_column-inner\">\n<div class=\"wpb_wrapper\">\n<div class=\"wpb_text_column wpb_content_element\">\n<div class=\"wpb_wrapper\">\n<h4><b><i><span style=\"vertical-align: inherit;\"><span style=\"vertical-align: inherit;\">\u041e\u0431\u0449\u0430 \u0438\u043d\u0444\u043e\u0440\u043c\u0430\u0446\u0438\u044f<\/span><\/span><\/i><\/b><\/h4>\n<p>Whale watching in Saman\u00e1 bay starting from Miches port in Catamaran.\u00a0 This Trip starts at 9:00 Am and Finishes at 5:00 Pm. Meeting before in Our port at Miches. After aborting our Catamaran or Boat to visit the Whales in their own habitat.<\/p>\n<p>From 9:00 Am until 12:00-noon Whale watching observatory and After this Whale trip we will visit Bacardi Island \/ Cayo Levantado. In Bacardi Island, Lunch Buffet from typical Dominican Style will be provided. When lunch is finished you are allowed to swim until 4:30 pm. Tour will be finished at 5:00 pm at the same port where it will start.<\/p>\n<p>Note: This tour is Not Private.<strong>\u00a0For a Private tour please Contact us.<\/strong><\/p>\n<ul>\n<li>\u0415\u043a\u0441\u043a\u0443\u0440\u0437\u0438\u044f \u0437\u0430 \u043d\u0430\u0431\u043b\u044e\u0434\u0435\u043d\u0438\u0435 \u043d\u0430 \u043a\u0438\u0442\u043e\u0432\u0435<\/li>\n<li>\u0412\u0445\u043e\u0434\u043d\u0438 \u0442\u0430\u043a\u0441\u0438 \u0437\u0430 \u043e\u0431\u0441\u0435\u0440\u0432\u0430\u0442\u043e\u0440\u0438\u044f\u0442\u0430<\/li>\n<li>\u0412\u043a\u043b\u044e\u0447\u0432\u0430 \u043e\u0431\u044f\u0434 \u043d\u0430 \u0448\u0432\u0435\u0434\u0441\u043a\u0430 \u043c\u0430\u0441\u0430 \u043d\u0430 \u043f\u043b\u0430\u0436\u0430<\/li>\n<li>\u0422\u0440\u0430\u043d\u0441\u0444\u0435\u0440 \u043d\u0430 \u043b\u043e\u0434\u043a\u0430<\/li>\n<li>\u041a\u0430\u043f\u0438\u0442\u0430\u043d\u044a\u0442 \u043e\u0441\u0438\u0433\u0443\u0440\u044f\u0432\u0430 \u043e\u0431\u0443\u0447\u0435\u043d\u0438\u0435 \u0438 \u043d\u0430\u0434\u0437\u043e\u0440<\/li>\n<li>\u0415\u043a\u0441\u043a\u0443\u0440\u0437\u043e\u0432\u043e\u0434<\/li>\n<\/ul>\n<p>&nbsp;<\/p>\n<h4><b>\u0412\u043a\u043b\u044e\u0447\u0432\u0430\u043d\u0438\u044f \u0438 \u0438\u0437\u043a\u043b\u044e\u0447\u0435\u043d\u0438\u044f<\/b><\/h4>\n<p>&nbsp;<\/p>\n<p><b>\u0412\u043a\u043b\u044e\u0447\u0432\u0430\u043d\u0438\u044f<\/b><\/p>\n<p>&nbsp;<\/p>\n<ol>\n<li>\u041e\u0431\u044f\u0434 \u043d\u0430 \u0448\u0432\u0435\u0434\u0441\u043a\u0430 \u043c\u0430\u0441\u0430 \u043d\u0430 \u043f\u043b\u0430\u0436\u0430<\/li>\n<li>\u041d\u0430\u0431\u043b\u044e\u0434\u0435\u043d\u0438\u0435 \u043d\u0430 \u043a\u0438\u0442\u043e\u0432\u0435<\/li>\n<li>\u0415\u043a\u0441\u043a\u0443\u0440\u0437\u043e\u0432\u043e\u0434<\/li>\n<li>\u0415\u043a\u0441\u043a\u0443\u0440\u0437\u0438\u044f \u0441 \u043a\u0430\u0442\u0430\u043c\u0430\u0440\u0430\u043d \u0438\u043b\u0438 \u043b\u043e\u0434\u043a\u0430<\/li>\n<li>\u0412\u0441\u0438\u0447\u043a\u0438 \u0434\u0430\u043d\u044a\u0446\u0438, \u0442\u0430\u043a\u0441\u0438 \u0438 \u0442\u0430\u043a\u0441\u0438 \u0437\u0430 \u043e\u0431\u0440\u0430\u0431\u043e\u0442\u043a\u0430<\/li>\n<li>\u041c\u0435\u0441\u0442\u043d\u0438 \u0434\u0430\u043d\u044a\u0446\u0438<\/li>\n<li>\u041d\u0430\u043f\u0438\u0442\u043a\u0438<\/li>\n<li>\u0410\u043b\u043a\u043e\u0445\u043e\u043b\u043d\u0438 \u043d\u0430\u043f\u0438\u0442\u043a\u0438<\/li>\n<\/ol>\n<p><b>\u0418\u0437\u043a\u043b\u044e\u0447\u0435\u043d\u0438\u044f<\/b><\/p>\n<ol>\n<li>\u0411\u0435\u0437\u0432\u044a\u0437\u043c\u0435\u0437\u0434\u043d\u0438 \u0443\u0441\u043b\u0443\u0433\u0438<\/li>\n<li>\u0422\u0440\u0430\u043d\u0441\u0444\u0435\u0440\u043d\u0430 \u043a\u043e\u043b\u0430<\/li>\n<\/ol>\n<p>&nbsp;<\/p>\n<h4><em><strong>\u041e\u0442\u043f\u044a\u0442\u0443\u0432\u0430\u043d\u0435 \u0438 \u0432\u0440\u044a\u0449\u0430\u043d\u0435<\/strong><\/em><\/h4>\n<p>\u041f\u044a\u0442\u043d\u0438\u043a\u044a\u0442 \u0449\u0435 \u043f\u043e\u043b\u0443\u0447\u0438 \u0442\u043e\u0447\u043a\u0430 \u0437\u0430 \u0441\u0440\u0435\u0449\u0430 \u0441\u043b\u0435\u0434 \u043f\u0440\u043e\u0446\u0435\u0441\u0430 \u043d\u0430 \u0440\u0435\u0437\u0435\u0440\u0432\u0430\u0446\u0438\u044f. \u0415\u043a\u0441\u043a\u0443\u0440\u0437\u0438\u0438\u0442\u0435 \u0437\u0430\u043f\u043e\u0447\u0432\u0430\u0442 \u0438 \u0437\u0430\u0432\u044a\u0440\u0448\u0432\u0430\u0442 \u0432 \u043d\u0430\u0448\u0438\u0442\u0435 \u043f\u0443\u043d\u043a\u0442\u043e\u0432\u0435 \u0437\u0430 \u0441\u0440\u0435\u0449\u0438.<\/p>\n<p>&nbsp;<\/p>\n<h4><b><i>\u041a\u0430\u043a\u0432\u043e \u0434\u0430 \u043e\u0447\u0430\u043a\u0432\u0430\u0442\u0435?<\/i><\/b><\/h4>\n<p>&nbsp;<\/p>\n<p><em><strong>\u0412\u0437\u0435\u043c\u0435\u0442\u0435 \u0441\u0432\u043e\u0438\u0442\u0435 \u0431\u0438\u043b\u0435\u0442\u0438<\/strong><\/em>\u00a0for a day Whale Watching tour in Saman\u00e1 bay starting from Miches in Catamaran with local drinks plus a wonderful lunch and beach time.<\/p>\n<p>\u0414\u043d\u0435\u0432\u043d\u0438\u044f\u0442 \u0431\u0438\u043b\u0435\u0442 \u0437\u0430 \u043d\u0430\u0431\u043b\u044e\u0434\u0435\u043d\u0438\u0435 \u043d\u0430 \u043a\u0438\u0442\u043e\u0432\u0435, \u043e\u0440\u0433\u0430\u043d\u0438\u0437\u0438\u0440\u0430\u043d \u043e\u0442 \"Booking Adventures\", \u0437\u0430\u043f\u043e\u0447\u0432\u0430 \u043e\u0442 \u043c\u044f\u0441\u0442\u043e\u0442\u043e \u043d\u0430 \u0441\u0440\u0435\u0449\u0430\u0442\u0430, \u043e\u043f\u0440\u0435\u0434\u0435\u043b\u0435\u043d\u043e \u043e\u0442 \u0435\u043a\u0441\u043a\u0443\u0440\u0437\u043e\u0432\u043e\u0434\u0430. \u041e\u0431\u044f\u0434 \u043d\u0430 \u043f\u043b\u0430\u0436\u0430 \u0438 \u043c\u043e\u0436\u0435\u0442\u0435 \u0434\u0430 \u043e\u0441\u0442\u0430\u043d\u0435\u0442\u0435 \u043a\u043e\u043b\u043a\u043e\u0442\u043e \u0438\u0441\u043a\u0430\u0442\u0435 \u0432\u0440\u0435\u043c\u0435, \u0437\u0430 \u0434\u0430 \u043f\u043b\u0443\u0432\u0430\u0442\u0435 \u043d\u0430\u043e\u043a\u043e\u043b\u043e. \u0410\u043a\u043e \u0441\u0442\u0435 \u0432\u0435\u0433\u0430\u043d, \u043c\u043e\u0436\u0435\u043c \u0434\u0430 \u0432\u0438 \u043f\u0440\u0438\u0433\u043e\u0442\u0432\u0438\u043c \u0438 \u043c\u0430\u043b\u043a\u043e \u0445\u0440\u0430\u043d\u0430.<\/p>\n<p><strong>\u0413\u0440\u0430\u0444\u0438\u043a:<\/strong><\/p>\n<p>8:45 - 17:00 \u0427.<\/p>\n<p>&nbsp;<\/p>\n<h4><em><strong>\u041a\u0430\u043a\u0432\u043e \u0442\u0440\u044f\u0431\u0432\u0430 \u0434\u0430 \u0432\u0437\u0435\u043c\u0435\u0442\u0435 \u0441\u044a\u0441 \u0441\u0435\u0431\u0435 \u0441\u0438?<\/strong><\/em><\/h4>\n<ul>\n<li>\u041a\u0430\u043c\u0435\u0440\u0430<\/li>\n<li>\u041e\u0442\u0431\u043b\u044a\u0441\u043a\u0432\u0430\u0449\u0438 \u043f\u044a\u043f\u043a\u0438<\/li>\n<li>\u0421\u043b\u044a\u043d\u0446\u0435\u0437\u0430\u0449\u0438\u0442\u0435\u043d \u043a\u0440\u0435\u043c<\/li>\n<li>\u0428\u0430\u043f\u043a\u0430<\/li>\n<li>\u0423\u0434\u043e\u0431\u043d\u0438 \u043f\u0430\u043d\u0442\u0430\u043b\u043e\u043d\u0438<\/li>\n<li>\u0421\u0430\u043d\u0434\u0430\u043b\u0438 \u043d\u0430 \u043f\u043b\u0430\u0436\u0430<\/li>\n<li>\u041f\u043b\u0443\u0432\u043d\u043e \u043e\u0431\u043b\u0435\u043a\u043b\u043e<\/li>\n<li>\u041f\u0430\u0440\u0438 \u0432 \u0431\u0440\u043e\u0439 \u0437\u0430 \u0441\u0443\u0432\u0435\u043d\u0438\u0440\u0438<\/li>\n<\/ul>\n<p>&nbsp;<\/p>\n<h4><b><i>\u0412\u0437\u0435\u043c\u0430\u043d\u0435 \u043e\u0442 \u0445\u043e\u0442\u0435\u043b\u0430<\/i><\/b><\/h4>\n<p>\u0417\u0430 \u0442\u0430\u0437\u0438 \u043e\u0431\u0438\u043a\u043e\u043b\u043a\u0430 \u043d\u0435 \u0441\u0435 \u043f\u0440\u0435\u0434\u043b\u0430\u0433\u0430 \u0432\u0437\u0438\u043c\u0430\u043d\u0435 \u043e\u0442 \u0445\u043e\u0442\u0435\u043b.<\/p>\n<p>&nbsp;<\/p>\n<p><b>\u0417\u0430\u0431\u0435\u043b\u0435\u0436\u043a\u0430:<\/b>\u00a0\u0430\u043a\u043e \u043d\u0430\u043f\u0440\u0430\u0432\u0438\u0442\u0435 \u0440\u0435\u0437\u0435\u0440\u0432\u0430\u0446\u0438\u044f \u0432 \u0440\u0430\u043c\u043a\u0438\u0442\u0435 \u043d\u0430 24 \u0447\u0430\u0441\u0430 \u043f\u0440\u0435\u0434\u0438 \u0447\u0430\u0441\u0430 \u043d\u0430 \u043e\u0442\u043f\u044a\u0442\u0443\u0432\u0430\u043d\u0435, \u043c\u043e\u0436\u0435\u043c \u0434\u0430 \u0443\u0433\u043e\u0432\u043e\u0440\u0438\u043c \u0432\u0437\u0438\u043c\u0430\u043d\u0435 \u043e\u0442 \u0445\u043e\u0442\u0435\u043b\u0430 \u0441 \u0434\u043e\u043f\u044a\u043b\u043d\u0438\u0442\u0435\u043b\u043d\u0438 \u0442\u0430\u043a\u0441\u0438. \u0421\u043b\u0435\u0434 \u043a\u0430\u0442\u043e \u0437\u0430\u0432\u044a\u0440\u0448\u0438\u0442\u0435 \u043f\u043e\u043a\u0443\u043f\u043a\u0430\u0442\u0430 \u0441\u0438, \u0449\u0435 \u0432\u0438 \u0438\u0437\u043f\u0440\u0430\u0442\u0438\u043c \u043f\u044a\u043b\u043d\u0430 \u0438\u043d\u0444\u043e\u0440\u043c\u0430\u0446\u0438\u044f \u0437\u0430 \u043a\u043e\u043d\u0442\u0430\u043a\u0442 (\u0442\u0435\u043b\u0435\u0444\u043e\u043d\u0435\u043d \u043d\u043e\u043c\u0435\u0440, \u0438\u043c\u0435\u0439\u043b \u0430\u0434\u0440\u0435\u0441 \u0438 \u0434\u0440.) \u0437\u0430 \u043d\u0430\u0448\u0438\u044f \u043c\u0435\u0441\u0442\u0435\u043d \u0435\u043a\u0441\u043a\u0443\u0440\u0437\u043e\u0432\u043e\u0434, \u0437\u0430 \u0434\u0430 \u043e\u0440\u0433\u0430\u043d\u0438\u0437\u0438\u0440\u0430 \u043f\u043e\u0441\u0440\u0435\u0449\u0430\u043d\u0435\u0442\u043e.<\/p>\n<h4><b><i>\u041f\u043e\u0442\u0432\u044a\u0440\u0436\u0434\u0435\u043d\u0438\u0435 \u043d\u0430 \u0434\u043e\u043f\u044a\u043b\u043d\u0438\u0442\u0435\u043b\u043d\u0430 \u0438\u043d\u0444\u043e\u0440\u043c\u0430\u0446\u0438\u044f<\/i><\/b><\/h4>\n<ol>\n<li>\u0411\u0438\u043b\u0435\u0442\u0438\u0442\u0435 \u0441\u0430 \u0440\u0430\u0437\u043f\u0438\u0441\u043a\u0430\u0442\u0430 \u0441\u043b\u0435\u0434 \u0437\u0430\u043f\u043b\u0430\u0449\u0430\u043d\u0435 \u043d\u0430 \u0442\u0430\u0437\u0438 \u043e\u0431\u0438\u043a\u043e\u043b\u043a\u0430. \u041c\u043e\u0436\u0435\u0442\u0435 \u0434\u0430 \u043f\u043e\u043a\u0430\u0436\u0435\u0442\u0435 \u043f\u043b\u0430\u0449\u0430\u043d\u0435\u0442\u043e \u043d\u0430 \u0442\u0435\u043b\u0435\u0444\u043e\u043d\u0430 \u0441\u0438.<\/li>\n<li>\u0422\u043e\u0447\u043a\u0430\u0442\u0430 \u0437\u0430 \u0441\u0440\u0435\u0449\u0430 \u0449\u0435 \u0431\u044a\u0434\u0435 \u043f\u043e\u043b\u0443\u0447\u0435\u043d\u0430 \u0441\u043b\u0435\u0434 \u043f\u0440\u043e\u0446\u0435\u0441\u0430 \u043d\u0430 \u0440\u0435\u0437\u0435\u0440\u0432\u0430\u0446\u0438\u044f.<\/li>\n<li>\u0414\u0435\u0446\u0430\u0442\u0430 \u0442\u0440\u044f\u0431\u0432\u0430 \u0434\u0430 \u0431\u044a\u0434\u0430\u0442 \u043f\u0440\u0438\u0434\u0440\u0443\u0436\u0430\u0432\u0430\u043d\u0438 \u043e\u0442 \u0432\u044a\u0437\u0440\u0430\u0441\u0442\u0435\u043d.<\/li>\n<li>\u0434\u043e\u0441\u0442\u044a\u043f \u0437\u0430 \u0438\u043d\u0432\u0430\u043b\u0438\u0434\u043d\u0438 \u043a\u043e\u043b\u0438\u0447\u043a\u0438<\/li>\n<li>\u0411\u0435\u0431\u0435\u0442\u0430\u0442\u0430 \u0442\u0440\u044f\u0431\u0432\u0430 \u0434\u0430 \u0441\u0435\u0434\u044f\u0442 \u043d\u0430 \u043a\u043e\u043b\u0435\u043d\u0435<\/li>\n<li>\u041f\u043e\u0432\u0435\u0447\u0435\u0442\u043e \u043f\u044a\u0442\u043d\u0438\u0446\u0438 \u043c\u043e\u0433\u0430\u0442 \u0434\u0430 \u0443\u0447\u0430\u0441\u0442\u0432\u0430\u0442<\/li>\n<\/ol>\n<h4><b><i>\u041f\u043e\u043b\u0438\u0442\u0438\u043a\u0430 \u0437\u0430 \u0430\u043d\u0443\u043b\u0438\u0440\u0430\u043d\u0435<\/i><\/b><\/h4>\n<p><span style=\"vertical-align: inherit;\"><span style=\"vertical-align: inherit;\">Para obtener un reembolso completo, cancele al menos 24 horas antes de la fecha de inicio de la experiencia.<\/span><\/span><\/p>\n<\/div>\n<\/div>\n<\/div>\n<\/div>\n<\/div>\n<\/div>\n<\/div>\n<\/div>\n<\/div>\n<\/div>\n<\/div>\n<\/div>\n<div class=\"vc_row wpb_row vc_row-fluid\">\n<div class=\"wpb_column vc_column_container vc_col-sm-12\">\n<div class=\"vc_column-inner\">\n<div class=\"wpb_wrapper\">\n<div class=\"vc_empty_space\"><\/div>\n<div class=\"wpb_text_column wpb_content_element\">\n<div class=\"wpb_wrapper\">\n<h4><span style=\"vertical-align: inherit;\"><span style=\"vertical-align: inherit;\">\u00bfCont\u00e1ctenos?<\/span><\/span><\/h4>\n<h5><b><i><span style=\"vertical-align: inherit;\"><span style=\"vertical-align: inherit;\">TOUR BALLENAS SAMANA<\/span><\/span><\/i><\/b><\/h5>\n<p><em><span style=\"vertical-align: inherit;\"><span style=\"vertical-align: inherit;\">\u00a0Servicios para hu\u00e9spedes y gu\u00edas tur\u00edsticos <\/span><strong><span style=\"vertical-align: inherit;\">locales<\/span><\/strong><span style=\"vertical-align: inherit;\"> \u00a0y\u00a0 <\/span><\/span><strong><span style=\"vertical-align: inherit;\"><span style=\"vertical-align: inherit;\">nacionales<\/span><\/span><\/strong><\/em><\/p>\n<p><span class=\"text-turquoise\"><span style=\"vertical-align: inherit;\"><span style=\"vertical-align: inherit;\">\u0420\u0435\u0437\u0435\u0440\u0432\u0430\u0446\u0438\u0438:<\/span><\/span><\/span><span style=\"vertical-align: inherit;\"><span style=\"vertical-align: inherit;\"> \u00a0Tours y Excursiones en Dom. <\/span><span style=\"vertical-align: inherit;\">\u041f\u0440\u0435\u0434\u0441\u0442\u0430\u0432\u0438\u0442\u0435\u043b\u0438.<\/span><\/span><\/p>\n<p><img decoding=\"async\" class=\"emoji\" draggable=\"false\" src=\"https:\/\/s.w.org\/images\/core\/emoji\/11.2.0\/svg\/1f4de.svg\" alt=\"\ud83d\udcde\" \/><span style=\"vertical-align: inherit;\"><span style=\"vertical-align: inherit;\">\u00a0\u0422\u0435\u043b \/ Whatsapp\u00a0\u00a0 <\/span><\/span><a href=\"tel:+1-809-720-6035\"><span style=\"vertical-align: inherit;\"><span style=\"vertical-align: inherit;\">+ 1-809-720-6035<\/span><\/span><\/a><span style=\"vertical-align: inherit;\"><span style=\"vertical-align: inherit;\"> .<\/span><\/span><\/p>\n<p><img decoding=\"async\" class=\"emoji\" draggable=\"false\" src=\"https:\/\/s.w.org\/images\/core\/emoji\/11.2.0\/svg\/1f4e9.svg\" alt=\"\ud83d\udce9\" \/>\u00a0<a href=\"mailto:info@ellimonwaterfall.com\"><span style=\"vertical-align: inherit;\"><span style=\"vertical-align: inherit;\">info@ellimonwaterfall.com<\/span><\/span><\/a><\/p>\n<p><strong><span style=\"vertical-align: inherit;\"><span style=\"vertical-align: inherit;\">Somos tours privados de configuraci\u00f3n flexible por Whatsapp:\u00a0 <\/span><\/span><a href=\"tel:+18097206035\"><span style=\"vertical-align: inherit;\"><span style=\"vertical-align: inherit;\">+18097206035.<\/span><\/span><\/a><\/strong><\/p>\n<\/div>\n<\/div>\n<\/div>\n<\/div>\n<\/div>\n<\/div>\n<p><span style=\"vertical-align: inherit;\"><span style=\"vertical-align: inherit;\">[\/ vc_column_text] [\/ vc_column] [\/ vc_row]<\/span><\/span><\/p>","protected":false},"excerpt":{"rendered":"<p><strong>\ud83c\udf0a\ud83d\udc0b Whale Miches Tours &amp; Excursions \ud83d\udc0b\ud83c\udf0a<\/strong><\/p>\n<p>Experience the thrill of <strong>whale watching in Saman\u00e1 Bay!<\/strong> \ud83c\udfdd\ufe0f\u2728 Departing from <strong>Miches<\/strong>, embark on an unforgettable adventure with a stop at <strong>Cayo Levantado (Bacard\u00ed Island)<\/strong> to enjoy a <strong>full-day pass in paradise.<\/strong> \ud83c\udf1e\ud83c\udf0a<\/p>\n<p>\ud83d\udd39 <strong>Book now and secure your spot!<\/strong> \ud83d\udd39<br \/>\n\ud83d\udcc5 <strong>Select your excursion date and get ready for a once-in-a-lifetime experience!<\/strong><\/p>","protected":false},"featured_media":13467,"template":"","meta":[],"product_brand":[],"product_cat":[323,761],"product_tag":[472,473,474,475,476,437,439,477,478,479],"class_list":{"0":"post-13971","1":"product","2":"type-product","3":"status-publish","4":"has-post-thumbnail","6":"product_cat-tours-excursions-samana-bay-dominican-republic","7":"product_cat-whale-watching-miches","8":"product_tag-miches-whale-watching","9":"product_tag-samana-dominican-republic","10":"product_tag-samana-whale-watching","11":"product_tag-samana-whale-watching-price","12":"product_tag-things-to-do-in-dominican-republic","13":"product_tag-whale-samana","14":"product_tag-whale-watching-dominican-republic","15":"product_tag-whale-watching-miches","16":"product_tag-whale-watching-miches-dominican-republic","17":"product_tag-when-to-see-whales-dominican-republic","19":"first","20":"instock","21":"sale","22":"sold-individually","23":"shipping-taxable","24":"product-type-external"},"_links":{"self":[{"href":"https:\/\/ellimonwaterfall.com\/bg\/wp-json\/wp\/v2\/product\/13971","targetHints":{"allow":["GET"]}}],"collection":[{"href":"https:\/\/ellimonwaterfall.com\/bg\/wp-json\/wp\/v2\/product"}],"about":[{"href":"https:\/\/ellimonwaterfall.com\/bg\/wp-json\/wp\/v2\/types\/product"}],"wp:featuredmedia":[{"embeddable":true,"href":"https:\/\/ellimonwaterfall.com\/bg\/wp-json\/wp\/v2\/media\/13467"}],"wp:attachment":[{"href":"https:\/\/ellimonwaterfall.com\/bg\/wp-json\/wp\/v2\/media?parent=13971"}],"wp:term":[{"taxonomy":"product_brand","embeddable":true,"href":"https:\/\/ellimonwaterfall.com\/bg\/wp-json\/wp\/v2\/product_brand?post=13971"},{"taxonomy":"product_cat","embeddable":true,"href":"https:\/\/ellimonwaterfall.com\/bg\/wp-json\/wp\/v2\/product_cat?post=13971"},{"taxonomy":"product_tag","embeddable":true,"href":"https:\/\/ellimonwaterfall.com\/bg\/wp-json\/wp\/v2\/product_tag?post=13971"}],"curies":[{"name":"wp","href":"https:\/\/api.w.org\/{rel}","templated":true}]}}