{"id":13969,"date":"2021-11-25T10:25:56","date_gmt":"2021-11-25T10:25:56","guid":{"rendered":"https:\/\/ellimonwaterfall.com\/?post_type=product&#038;p=13969"},"modified":"2024-01-07T08:46:03","modified_gmt":"2024-01-07T08:46:03","slug":"los-haitises-national-park-tour-from-punta-cana-montana-redonda-cano-hondo","status":"publish","type":"product","link":"https:\/\/ellimonwaterfall.com\/es\/dominicantour\/excursion-al-parque-nacional-de-los-haitises-desde-punta-cana-montana-redonda-cano-hondo\/","title":{"rendered":"Excursi\u00f3n al Parque Nacional de Los Haitises desde Punta Cana, Montana Redonda y Cano Hondo"},"content":{"rendered":"<div class=\"vc_row wpb_row vc_row-fluid\" ><div class=\"wpb_column vc_column_container vc_col-sm-12\"><div class=\"vc_column-inner\"><div class=\"wpb_wrapper\"><div class=\"mkdf-section-title-holder\" style=\"text-align: left\">\n\t<div class=\"mkdf-st-inner\">\n\t\t\t\t\t<h5 class=\"mkdf-st-subtitle\" >\n\t\t\t\tTransporte y almuerzo incluidos\t\t\t<\/h5>\n\t\t\t\t\t\t\t<h3 class=\"mkdf-st-title\" >\n\t\t\t\tExcursi\u00f3n de un d\u00eda al Parque Nacional de Los Haitises desde Punta Cana, Montana Redonda y Cano Hondo.\t\t\t<\/h3>\n\t\t\t\t\t<\/div>\n<\/div><\/div><\/div><\/div><\/div><div class=\"vc_row wpb_row vc_row-fluid\" ><div class=\"wpb_column vc_column_container vc_col-sm-12\"><div class=\"vc_column-inner\"><div class=\"wpb_wrapper\">\n\t<div class=\"wpb_text_column wpb_content_element\" >\n\t\t<div class=\"wpb_wrapper\">\n\t\t\t<h3>Excursi\u00f3n al Parque Nacional de Los Haitises desde Punta Cana, Montana Redonda y Cano Hondo<\/h3>\n<h4><b><i>Visi\u00f3n general <\/i><\/b><\/h4>\n<p>Excursi\u00f3n de un d\u00eda al Parque Nacional de Los Haitises desde Punta Cana. Salida desde su hotel en Punta Cana o Bavaro. Conduciremos con nuestro gu\u00eda tur\u00edstico a Montana Redonda. Donde tendr\u00e1 tiempo para tomar fotos incre\u00edbles desde una de las vistas m\u00e1s impresionantes de la Rep\u00fablica Dominicana. Despu\u00e9s de esta primera parada, continuamos para visitar el Parque Nacional Los Haitises, algunos aperitivos y bebidas typicals mientras recorremos manglares, cuevas y famosas islas rocosas como en Jurassic Park. Despu\u00e9s de visitar el Parque Nacional Los Haitises nos espera el almuerzo en Ca\u00f1o Hondo. Despu\u00e9s del almuerzo local y gastron\u00f3mico hay tiempo para nadar en las piscinas naturales del Parque Nacional Los Haitises.<\/p>\n<p>Despu\u00e9s de esta experiencia, regresar\u00e1 a la Comunidad de Punta Cana desde donde le recogeremos.<\/p>\n<ul>\n<li style=\"font-weight: 400;\">Tasas incluidas<\/li>\n<li>Almuerzo<\/li>\n<li>Aperitivos<\/li>\n<li style=\"font-weight: 400;\">Gu\u00eda local en ingl\u00e9s o franc\u00e9s<\/li>\n<li>Transporte<\/li>\n<li>Viaje en barco<\/li>\n<li>Montana Redonda<\/li>\n<li>Ca\u00f1o Hondo<\/li>\n<\/ul>\n<p>&nbsp;<\/p>\n<h4><b>Inclusiones y exclusiones<\/b><\/h4>\n<p>&nbsp;<\/p>\n<p><b>Incluye<\/b><\/p>\n<ol>\n<li style=\"font-weight: 400;\">Excursi\u00f3n a Los Haitises + Cuevas y Pictograf\u00edas<\/li>\n<li>Montana Redonda<\/li>\n<li>Ca\u00f1o Hondo<\/li>\n<li>Almuerzo<\/li>\n<li>Recogida en hoteles de las zonas de Punta Cana.<\/li>\n<li style=\"font-weight: 400;\"><span style=\"font-weight: 400;\">Todos los impuestos, tasas y gastos de tramitaci\u00f3n<\/span><\/li>\n<li style=\"font-weight: 400;\"><span style=\"font-weight: 400;\">Impuestos locales<\/span><\/li>\n<li style=\"font-weight: 400;\"><span style=\"font-weight: 400;\">Bebidas<\/span><\/li>\n<li>Aperitivos<\/li>\n<li style=\"font-weight: 400;\"><span style=\"font-weight: 400;\">Todas las actividades<\/span><\/li>\n<li style=\"font-weight: 400;\"><span style=\"font-weight: 400;\">Gu\u00eda local<\/span><\/li>\n<\/ol>\n<p><b> Exclusiones<\/b><\/p>\n<ol>\n<li style=\"font-weight: 400;\"><span style=\"font-weight: 400;\">Propinas<\/span><\/li>\n<li style=\"font-weight: 400;\"><span style=\"font-weight: 400;\">Bebidas alcoh\u00f3licas<\/span><\/li>\n<\/ol>\n<p>&nbsp;<\/p>\n<h4><em><strong>Salida y regreso<\/strong><\/em><\/h4>\n<p><span style=\"font-weight: 400;\">El viajero obtendr\u00e1 un punto de encuentro tras el proceso de reserva. Los tours comienzan y terminan en sus puntos de encuentro.<\/span><\/p>\n<h4><\/h4>\n<h3>Excursi\u00f3n al Parque Nacional de Los Haitises desde Punta Cana, Montana Redonda y Cano Hondo.<\/h3>\n<h4><b><i>\u00bfQu\u00e9 esperar?<\/i><\/b><\/h4>\n<p><em><strong>Consigue tus entradas<\/strong><\/em> para visitar el Parque Nacional Los Haitises Tour desde Punta Cana. Excursi\u00f3n de d\u00eda completo. Saliendo desde Punta Cana, Rep\u00fablica Dominicana. Tomando el transporte con nuestro gu\u00eda tur\u00edstico local para Visitar las vistas de Montana Redonda, Parque Nacional Los Haitises en Sabana de la Mar y Almuerzo en Ca\u00f1o Hondo.<\/p>\n<p>La excursi\u00f3n, organizada por \"Booking Adventures\", comienza en el punto de encuentro fijado con el gu\u00eda tur\u00edstico. Ven con Booking Adventures y empieza a comprobar algunos manglares llenos de aves, colinas ondulantes de exuberante vegetaci\u00f3n y cuevas de <em><strong>Parque Nacional de Los Haitises<\/strong><\/em>. Visitar la isla con aves alrededor. En la temporada de anidaci\u00f3n, incluso podemos ver a los polluelos Pelecanos en los nidos. Adentr\u00e1ndonos m\u00e1s en las Islas Rocosas y visitando las Cuevas con pictograf\u00edas y petrograf\u00edas de los ind\u00edgenas.<\/p>\n<p>Atraviese los manglares y desembarque en la abierta bah\u00eda de San Lorenzo, Sabana de la Mar, desde donde podr\u00e1 fotografiar el agreste paisaje forestal. Mire hacia el agua para divisar <em><strong>Manat\u00edes<\/strong><\/em>crust\u00e1ceos y <em><strong>delfines.<\/strong><\/em><\/p>\n<div class=\"body-description secondary\">\n<p>El nombre del parque nacional procede de sus habitantes originales, los indios ta\u00ednos. En su lengua, \"Haitises\" se traduce como tierras altas o colinas, una referencia a las escarpadas formaciones geol\u00f3gicas con calizas de la costa. Ad\u00e9ntrese en el parque para explorar cuevas como la de San Gabriel, <em><strong>Cueva de la Arena, <\/strong><\/em>y <strong><em>Cueva de la L\u00ednea.<\/em><\/strong><\/p>\n<p>Estas cuevas de la reserva fueron utilizadas como refugio por los indios ta\u00ednos y, m\u00e1s tarde, para ocultar a los piratas. Busque los dibujos de los indios que decoran algunas de las paredes.<\/p>\n<p>Tambi\u00e9n Montana Redonda en Miches, es un lugar inolvidable, estar rodeado de la naturaleza del campo, disfrutar de una vista panor\u00e1mica, donde el reflejo de las lagunas se combinan con la salida del sol en la playa y la puesta del sol con el verde de las monta\u00f1as, el aire limpio, y el canto de los p\u00e1jaros, la paz, y la tranquilidad que nos llena el deseo de quedarse.<\/p>\n<\/div>\n<p>Plus Ca\u00f1o Hondo Incre\u00edble complejo en la cima de una monta\u00f1a con impresionantes vistas a una bah\u00eda llena de naturaleza y la bah\u00eda de Saman\u00e1 en la parte inferior. Es como si estuvieras viviendo en un paraiso de la selva tropical con un estilo hermoso y tan relajante y tranquilo. Con acceso a las piscinas provenientes de un R\u00edo Natural del Parque Nacional Los Haitises.<\/p>\n<div class=\"body-description secondary\">\n<p>Si eres vegano, no te preocupes, tambi\u00e9n tenemos comida para ti.<\/p>\n<p>Despu\u00e9s del almuerzo, \u00a1\u00a1volvemos a Punta Cana!!<\/p>\n<\/div>\n<p>Si desea un viaje m\u00e1s largo o m\u00e1s corto, p\u00f3ngase en contacto con nosotros.<\/p>\n<p>&nbsp;<\/p>\n<h4><em><strong>\u00bfQu\u00e9 debe llevar?<\/strong><\/em><\/h4>\n<ul>\n<li style=\"font-weight: 400;\"><span style=\"font-weight: 400;\">C\u00e1mara<\/span><\/li>\n<li style=\"font-weight: 400;\"><span style=\"font-weight: 400;\">Brotes repelentes<\/span><\/li>\n<li style=\"font-weight: 400;\"><span style=\"font-weight: 400;\">Crema solar<\/span><\/li>\n<li style=\"font-weight: 400;\"><span style=\"font-weight: 400;\">Sombrero<\/span><\/li>\n<li style=\"font-weight: 400;\"><span style=\"font-weight: 400;\">Pantalones c\u00f3modos<\/span><\/li>\n<li style=\"font-weight: 400;\"><span style=\"font-weight: 400;\">Zapatos de monta\u00f1a para bosque<\/span><\/li>\n<li style=\"font-weight: 400;\"><span style=\"font-weight: 400;\">Sandalias a las zonas de primavera.<\/span><\/li>\n<li style=\"font-weight: 400;\"><span style=\"font-weight: 400;\">Ropa de ba\u00f1o<\/span><\/li>\n<\/ul>\n<p>&nbsp;<\/p>\n<h4><b><i>Recogida en el hotel <\/i><\/b><\/h4>\n<p><span style=\"font-weight: 400;\">Para esta excursi\u00f3n se ofrece recogida en el hotel. Seleccione el nombre del hotel y la hora aqu\u00ed. En caso de que su hotel no est\u00e9 en la lista, p\u00f3ngase en contacto con nosotros.<\/span><\/p>\n<p>&nbsp;<\/p>\n<p><b>Nota:<\/b><span style=\"font-weight: 400;\"> Si reserva dentro de las 24 horas anteriores a la hora de salida de la excursi\u00f3n, podemos organizar la recogida en el hotel. Una vez realizada la compra, le enviaremos toda la informaci\u00f3n de contacto (n\u00famero de tel\u00e9fono, direcci\u00f3n de correo electr\u00f3nico, etc.) para que nuestro gu\u00eda local organice la recogida.<\/span><\/p>\n<h4><b><i>Informaci\u00f3n adicional Confirmaci\u00f3n <\/i><\/b><\/h4>\n<ol>\n<li>Las entradas son el recibo despu\u00e9s de pagar este Tour. Puede mostrar el pago en su tel\u00e9fono.<\/li>\n<li style=\"font-weight: 400;\"><span style=\"font-weight: 400;\">El punto de encuentro se recibir\u00e1 despu\u00e9s del proceso de reserva.<\/span><\/li>\n<li style=\"font-weight: 400;\"><span style=\"font-weight: 400;\">Los ni\u00f1os deben ir acompa\u00f1ados de un adulto.<\/span><\/li>\n<li style=\"font-weight: 400;\"><span style=\"font-weight: 400;\"> No accesible en silla de ruedas <\/span><\/li>\n<li style=\"font-weight: 400;\"><span style=\"font-weight: 400;\">Los beb\u00e9s deben sentarse en el regazo <\/span><\/li>\n<li style=\"font-weight: 400;\"><span style=\"font-weight: 400;\">No recomendado para viajeros con problemas de espalda<\/span><\/li>\n<li style=\"font-weight: 400;\"><span style=\"font-weight: 400;\">No recomendado para embarazadas <\/span><\/li>\n<li style=\"font-weight: 400;\"><span style=\"font-weight: 400;\"> Sin problemas cardiacos ni otras enfermedades graves <\/span><\/li>\n<li style=\"font-weight: 400;\"><span style=\"font-weight: 400;\">La mayor\u00eda de los viajeros pueden participar<\/span><\/li>\n<\/ol>\n<h4><b><i>Pol\u00edtica de cancelaci\u00f3n<\/i><\/b><\/h4>\n<p><span style=\"font-weight: 400;\">Para obtener un reembolso completo, cancele la reserva al menos 24 horas antes de la fecha de inicio de la experiencia. Se perder\u00e1n los fondos si la reserva se cancela el mismo d\u00eda del viaje.<\/span><\/p>\n\n\t\t<\/div>\n\t<\/div>\n<\/div><\/div><\/div><\/div><div class=\"vc_row wpb_row vc_row-fluid\" ><div class=\"wpb_column vc_column_container vc_col-sm-12\"><div class=\"vc_column-inner\"><div class=\"wpb_wrapper\"><div class=\"vc_empty_space\"   style=\"height: 32px\"><span class=\"vc_empty_space_inner\"><\/span><\/div>\n\t<div class=\"wpb_video_widget wpb_content_element vc_clearfix   vc_video-aspect-ratio-169 vc_video-el-width-100 vc_video-align-left\" >\n\t\t<div class=\"wpb_wrapper\">\n\t\t\t<h2 class=\"wpb_heading wpb_video_heading\">V\u00eddeo del Parque Nacional de Los Haitises:<\/h2>\n\t\t\t<div class=\"wpb_video_wrapper\"><iframe loading=\"lazy\" title=\"Parque Nacional Los Haitises, Tours y Excursiones Desde Samana o Sabana de la Mar. Reserve Aqu\u00ed:\" src=\"https:\/\/player.vimeo.com\/video\/346508015?h=6e684a1c21&amp;dnt=1&amp;app_id=122963\" width=\"1100\" height=\"619\" frameborder=\"0\" allow=\"autoplay; fullscreen; picture-in-picture\" allowfullscreen><\/iframe><\/div>\n\t\t<\/div>\n\t<\/div>\n<div class=\"vc_empty_space\"   style=\"height: 32px\"><span class=\"vc_empty_space_inner\"><\/span><\/div><\/div><\/div><\/div><\/div><div class=\"vc_row wpb_row vc_row-fluid\" ><div class=\"wpb_column vc_column_container vc_col-sm-12\"><div class=\"vc_column-inner\"><div class=\"wpb_wrapper\"><div class=\"vc_empty_space\"   style=\"height: 32px\"><span class=\"vc_empty_space_inner\"><\/span><\/div>\n\t<div class=\"wpb_text_column wpb_content_element\" >\n\t\t<div class=\"wpb_wrapper\">\n\t\t\t<h4>\u00bfContactar con nosotros?<\/h4>\n<h5><em><strong>Reservar Aventuras<\/strong><\/em><\/h5>\n<p><em><strong>Locales<\/strong>\u00a0y\u00a0<strong>Nacionales<\/strong>\u00a0Gu\u00edas tur\u00edsticos y servicios para hu\u00e9spedes<\/em><\/p>\n<p><span class=\"text-turquoise\">Reservas:<\/span>\u00a0Visitas y excursiones en Dom. Rep. Dom.<\/p>\n<p><img decoding=\"async\" class=\"emoji\" draggable=\"false\" src=\"https:\/\/s.w.org\/images\/core\/emoji\/11.2.0\/svg\/1f4de.svg\" alt=\"\ud83d\udcde\" \/>\u00a0Tel \/ Whatsapp\u00a0\u00a0<a href=\"tel:+1-809-720-6035\">+1-809-720-6035<\/a>.<\/p>\n<p><img decoding=\"async\" class=\"emoji\" draggable=\"false\" src=\"https:\/\/s.w.org\/images\/core\/emoji\/11.2.0\/svg\/1f4e9.svg\" alt=\"\ud83d\udce9\" \/>\u00a0<a href=\"mailto:info@ellimonwaterfall.com\">info@ellimonwaterfall.com<\/a><\/p>\n<p><strong>Somos Flexibles Fijando Tours Privados por Whatsapp:\u00a0<a href=\"tel:+18097206035\">+18097206035.<\/a><\/strong><\/p>\n\n\t\t<\/div>\n\t<\/div>\n<div class=\"vc_empty_space\"   style=\"height: 32px\"><span class=\"vc_empty_space_inner\"><\/span><\/div><\/div><\/div><\/div><\/div>","protected":false},"excerpt":{"rendered":"<p>Excursi\u00f3n desde Punta Cana para visitar el Parque Nacional Los Haitises, Montana Redonda &amp; Cano Hondo. Incluye Almuerzo y Transporte para una visita a las 3 cuevas principales, una exploraci\u00f3n de 2 ecosistemas de manglares diferentes, vistas y Simming Pools.<\/p>\n<p>Excursi\u00f3n de d\u00eda completo al Parque Nacional Los Haitises con un gu\u00eda local. Visita a los cayos del Parque Nacional Los Haitises, manglares, vegetaci\u00f3n, observaci\u00f3n de aves, cuevas, pictograf\u00edas y las zonas hist\u00f3ricas de Sabana de la Mar en el Parque Nacional Los Haitises. Incre\u00edbles Vistas en Montana Redonda y Almuerzo m\u00e1s Piscinas en Cano Hondo.<\/p>\n<p>&nbsp;<\/p>\n<p><strong>Seleccione la fecha de la visita:\u00a0<\/strong><\/p>","protected":false},"featured_media":13129,"template":"","meta":[],"product_brand":[],"product_cat":[749,738,739,318,319,337,320,745,742,759,760,321,462],"product_tag":[325,327,328,408,347,463,428,333,335,416,418,464,348,465,343,466,429],"class_list":{"0":"post-13969","1":"product","2":"type-product","3":"status-publish","4":"has-post-thumbnail","6":"product_cat-1-punta-cana","7":"product_cat-1-sabana-de-la-mar","8":"product_cat-boat-trip-los-haitises","9":"product_cat-caves","10":"product_cat-fees-entrace","11":"product_cat-lunch","12":"product_cat-mangroves","13":"product_cat-natural-pools-los-haitises","14":"product_cat-punta-cana-group-tours","15":"product_cat-punta-cana-los-haitises","16":"product_cat-punta-cana-montana-redonda","17":"product_cat-tours-and-excursions","18":"product_cat-tours-excursions-punta-cana-dominican-republic","19":"product_tag-cano-hondo","20":"product_tag-cano-hondo-hotel","21":"product_tag-cano-hondo-tours","22":"product_tag-caves-los-haitises","23":"product_tag-day-tour-cano-hondo","24":"product_tag-day-trip-punta-cana","25":"product_tag-las-terrenas","26":"product_tag-los-haitises","27":"product_tag-los-haitises-national-park","28":"product_tag-los-haitises-national-park-map","29":"product_tag-los-haitises-national-park-tour-from-las-terrenas","30":"product_tag-los-haitises-national-park-tours-excursions","31":"product_tag-mangroves-los-haitises","32":"product_tag-montana-redonda-tours-excursion","33":"product_tag-punta-cana","34":"product_tag-punta-cana-tours-excursions","35":"product_tag-transportation-los-haitises","37":"first","38":"instock","39":"sale","40":"sold-individually","41":"shipping-taxable","42":"product-type-external"},"_links":{"self":[{"href":"https:\/\/ellimonwaterfall.com\/es\/wp-json\/wp\/v2\/product\/13969","targetHints":{"allow":["GET"]}}],"collection":[{"href":"https:\/\/ellimonwaterfall.com\/es\/wp-json\/wp\/v2\/product"}],"about":[{"href":"https:\/\/ellimonwaterfall.com\/es\/wp-json\/wp\/v2\/types\/product"}],"wp:featuredmedia":[{"embeddable":true,"href":"https:\/\/ellimonwaterfall.com\/es\/wp-json\/wp\/v2\/media\/13129"}],"wp:attachment":[{"href":"https:\/\/ellimonwaterfall.com\/es\/wp-json\/wp\/v2\/media?parent=13969"}],"wp:term":[{"taxonomy":"product_brand","embeddable":true,"href":"https:\/\/ellimonwaterfall.com\/es\/wp-json\/wp\/v2\/product_brand?post=13969"},{"taxonomy":"product_cat","embeddable":true,"href":"https:\/\/ellimonwaterfall.com\/es\/wp-json\/wp\/v2\/product_cat?post=13969"},{"taxonomy":"product_tag","embeddable":true,"href":"https:\/\/ellimonwaterfall.com\/es\/wp-json\/wp\/v2\/product_tag?post=13969"}],"curies":[{"name":"wp","href":"https:\/\/api.w.org\/{rel}","templated":true}]}}