{"id":13981,"date":"2021-11-25T10:26:13","date_gmt":"2021-11-25T10:26:13","guid":{"rendered":"https:\/\/ellimonwaterfall.com\/?post_type=product&#038;p=13981"},"modified":"2021-11-25T10:26:18","modified_gmt":"2021-11-25T10:26:18","slug":"day-pass-cano-hondo-natural-pools-lunch-included","status":"publish","type":"product","link":"https:\/\/ellimonwaterfall.com\/es\/dominicantour\/day-pass-cano-hondo-piscinas-naturales-comida-incluida\/","title":{"rendered":"Day Pass Ca\u00f1o Hondo - Piscinas Naturales y Almuerzo Incluido"},"content":{"rendered":"<div class=\"vc_row wpb_row vc_row-fluid\" ><div class=\"wpb_column vc_column_container vc_col-sm-12\"><div class=\"vc_column-inner\"><div class=\"wpb_wrapper\"><div class=\"vc_message_box vc_message_box-standard vc_message_box-rounded vc_color-info\" ><div class=\"vc_message_box-icon\"><i class=\"fas fa-info-circle\"><\/i><\/div><p>Reserva Precios Bajos en Cano Hondo Habitaciones <a href=\"http:\/\/dominican-republic-hotels.com\/hotel\/cano-hondo-hotel-eco-lodge\/\" target=\"_blank\" rel=\"noopener\">Haga clic aqu\u00ed.<\/a><\/p>\n<\/div>\n\t<div class=\"wpb_text_column wpb_content_element\" >\n\t\t<div class=\"wpb_wrapper\">\n\t\t\t<div class=\"vc_row wpb_row vc_row-fluid\">\n<div class=\"wpb_column vc_column_container vc_col-sm-12\">\n<div class=\"vc_column-inner\">\n<div class=\"wpb_wrapper\">\n<div class=\"wpb_text_column wpb_content_element\">\n<div class=\"wpb_wrapper\">\n<h4><b><i>Descripci\u00f3n<\/i><\/b><\/h4>\n<p>Ca\u00f1o Hondo Day Pass Entrada a nuestras Piscinas Naturales al Aire Libre con Almuerzo Buffet incluido. Todos los d\u00edas desde las 8:30 AM hasta las 5:00 PM.<\/p>\n<div class=\"wpb_text_column wpb_content_element\">\n<div class=\"wpb_wrapper\">\n<p>Las piscinas son totalmente biol\u00f3gicas, sin necesidad de cloro ni productos qu\u00edmicos, y desarrollan su propia ecolog\u00eda natural y un ecosistema equilibrado gracias a su dise\u00f1o y construcci\u00f3n. Cuando se alcanza el equilibrio, el agua es naturalmente clara como en un lago de monta\u00f1a.<\/p>\n<\/div>\n<\/div>\n<div class=\"wpb_text_column wpb_content_element\">\n<div class=\"wpb_wrapper\">\n<p><strong>Disfrute de las piscinas ecol\u00f3gicas naturales que se integran perfectamente en el tranquilo y original paisaje del Parque Nacional de Los Haitises, Sabana de la Mar. <\/strong><\/p>\n<p style=\"text-align: center;\"><strong>Pase un d\u00eda maravilloso con su familia o amigos.<\/strong><\/p>\n<\/div>\n<\/div>\n<p>&nbsp;<\/p>\n<h3><b>Inclusi\u00f3n y Exclusi\u00f3n<\/b><\/h3>\n<p><b>Incluye<\/b><\/p>\n<ol>\n<li>Almuerzo - Buffet<\/li>\n<li>Entrada a piscinas naturales<\/li>\n<\/ol>\n<p><b>Exclusiones (no incluidas)<\/b><\/p>\n<ol>\n<li>Transporte<\/li>\n<li>Bebidas alcoh\u00f3licas<\/li>\n<\/ol>\n<p>&nbsp;<\/p>\n<h4><em><strong>\u00bfPor qu\u00e9 comprar el billete?<\/strong><\/em><\/h4>\n<p>Por favor, haga una reserva con antelaci\u00f3n para establecer el espacio en nuestro restaurante y preparar el almuerzo buffet para usted. Despu\u00e9s de hacer la reserva, nuestros representantes se pondr\u00e1n en contacto con usted para darle m\u00e1s informaci\u00f3n - C\u00f3mo llegar a nuestro lugar, \u00bfcu\u00e1l es el men\u00fa de almuerzo buffet y para responder a todas sus preguntas.<\/p>\n<p><strong>Nota: Gratuito para menores de 3 a\u00f1os. Los ni\u00f1os de 4 a 10 a\u00f1os pagan solo la mitad.<\/strong><\/p>\n<h2 style=\"text-align: center;\"><strong>Piscinas de agua mineral dise\u00f1adas y construidas con atenci\u00f3n al detalle y creatividad.<\/strong><\/h2>\n<p><strong>Hora:<\/strong><\/p>\n<p>8:30 h - 17:00 h<\/p>\n<p>&nbsp;<\/p>\n<h4><em><strong>\u00bfQu\u00e9 debe llevarse?<\/strong><\/em><\/h4>\n<ul>\n<li>Camara<\/li>\n<li>\u00a0Repelente<\/li>\n<li>Crema solar<\/li>\n<\/ul>\n<p>&nbsp;<\/p>\n<h4><i>Transporte: <\/i><\/h4>\n<p>El transporte no est\u00e1 incluido.<\/p>\n<p><b>Nota: Si desea un traslado, p\u00f3ngase en contacto con nosotros.<\/b><\/p>\n<h4><b><i>Pol\u00edtica de anulaci\u00f3n<\/i><\/b><\/h4>\n<p>Para obtener un reembolso completo, lea nuestras Pol\u00edticas de cancelaci\u00f3n en el pie de p\u00e1gina del sitio web.<\/p>\n<\/div>\n<\/div>\n<\/div>\n<\/div>\n<\/div>\n<\/div>\n<div class=\"vc_row wpb_row vc_row-fluid\">\n<div class=\"wpb_column vc_column_container vc_col-sm-12\">\n<div class=\"vc_column-inner\">\n<div class=\"wpb_wrapper\">\n<div class=\"wpb_text_column wpb_content_element\">\n<div class=\"wpb_wrapper\">\n<p>&nbsp;<\/p>\n<h3 style=\"text-align: center;\">Tambi\u00e9n puede disfrutar de numerosas actividades y excursiones con gu\u00eda local.<\/h3>\n<p><strong>Lista de las actividades:<\/strong><br \/>\nTirolina<br \/>\nEscalada en roc\u00f3dromo<br \/>\nEquitaci\u00f3n<br \/>\nExcursiones guiadas o autoguiadas en Los Haitises<br \/>\nKayak en Los Haitises<br \/>\nVisitas guiadas en barco a Los Haitises<br \/>\nAvistamiento de ballenas (del 15 de enero al 20 de marzo)<br \/>\nObservaci\u00f3n guiada de aves<br \/>\nCayo Levantado\/Isla Bacardi<br \/>\nVida salvaje y naturaleza<br \/>\nCascadas El Lim\u00f3n, Saman\u00e1<\/p>\n<p><strong>Para m\u00e1s informaci\u00f3n sobre actividades y excursiones, p\u00f3ngase en contacto con nosotros. Tambi\u00e9n Puede <a href=\"http:\/\/haitises.com\/\" target=\"_blank\" rel=\"noopener\">Reserve aqu\u00ed.<\/a><\/strong><\/p>\n<p>&nbsp;<\/p>\n<\/div>\n<\/div>\n<\/div>\n<\/div>\n<\/div>\n<\/div>\n\n\t\t<\/div>\n\t<\/div>\n<\/div><\/div><\/div><\/div>","protected":false},"excerpt":{"rendered":"<p>Compre una entrada de un d\u00eda Piscinas Naturales en el Hotel Ca\u00f1o Hondo, en el Parque Nacional Los Haitises, Sabana de la Mar. Almuerzo incluido.<\/p>\n<p>Si desea m\u00e1s informaci\u00f3n, p\u00f3ngase en contacto con nosotros.<\/p>","protected":false},"featured_media":13285,"template":"","meta":[],"product_brand":[],"product_cat":[211,738,337,745],"product_tag":[542,325,543,544,333,335,402,545,546,313,344,345],"class_list":{"0":"post-13981","1":"product","2":"type-product","3":"status-publish","4":"has-post-thumbnail","6":"product_cat-uncategorized","7":"product_cat-1-sabana-de-la-mar","8":"product_cat-lunch","9":"product_cat-natural-pools-los-haitises","10":"product_tag-altos-cano-hondo","11":"product_tag-cano-hondo","12":"product_tag-cano-hondo-day-pass","13":"product_tag-cano-hondo-sabana-de-la-mar","14":"product_tag-los-haitises","15":"product_tag-los-haitises-national-park","16":"product_tag-los-haitises-tours","17":"product_tag-paraiso-cano-hondo","18":"product_tag-parque-los-haitises","19":"product_tag-sabana-de-la-mar","20":"product_tag-samana","21":"product_tag-samana-tours","23":"first","24":"instock","25":"sale","26":"virtual","27":"sold-individually","28":"purchasable","29":"product-type-simple"},"_links":{"self":[{"href":"https:\/\/ellimonwaterfall.com\/es\/wp-json\/wp\/v2\/product\/13981","targetHints":{"allow":["GET"]}}],"collection":[{"href":"https:\/\/ellimonwaterfall.com\/es\/wp-json\/wp\/v2\/product"}],"about":[{"href":"https:\/\/ellimonwaterfall.com\/es\/wp-json\/wp\/v2\/types\/product"}],"wp:featuredmedia":[{"embeddable":true,"href":"https:\/\/ellimonwaterfall.com\/es\/wp-json\/wp\/v2\/media\/13285"}],"wp:attachment":[{"href":"https:\/\/ellimonwaterfall.com\/es\/wp-json\/wp\/v2\/media?parent=13981"}],"wp:term":[{"taxonomy":"product_brand","embeddable":true,"href":"https:\/\/ellimonwaterfall.com\/es\/wp-json\/wp\/v2\/product_brand?post=13981"},{"taxonomy":"product_cat","embeddable":true,"href":"https:\/\/ellimonwaterfall.com\/es\/wp-json\/wp\/v2\/product_cat?post=13981"},{"taxonomy":"product_tag","embeddable":true,"href":"https:\/\/ellimonwaterfall.com\/es\/wp-json\/wp\/v2\/product_tag?post=13981"}],"curies":[{"name":"wp","href":"https:\/\/api.w.org\/{rel}","templated":true}]}}