{"id":14045,"date":"2021-11-25T10:26:51","date_gmt":"2021-11-25T10:26:51","guid":{"rendered":"https:\/\/ellimonwaterfall.com\/?post_type=product&#038;p=14045"},"modified":"2022-07-04T08:02:00","modified_gmt":"2022-07-04T08:02:00","slug":"los-haitises-sunrise-or-sunset-private-kayak-excursion-with-locals","status":"publish","type":"product","link":"https:\/\/ellimonwaterfall.com\/es\/dominicantour\/los-haitises-sunrise-or-sunset-private-kayak-excursion-with-locals\/","title":{"rendered":"Los Haitises Amanecer o Atardecer Excursi\u00f3n privada en kayak con lugare\u00f1os"},"content":{"rendered":"<div class=\"vc_row wpb_row vc_row-fluid\" ><div class=\"wpb_column vc_column_container vc_col-sm-12\"><div class=\"vc_column-inner\"><div class=\"wpb_wrapper\"><div class=\"vc_empty_space\"   style=\"height: 32px\"><span class=\"vc_empty_space_inner\"><\/span><\/div><\/div><\/div><\/div><\/div><div class=\"vc_row wpb_row vc_row-fluid\" ><div class=\"wpb_column vc_column_container vc_col-sm-12\"><div class=\"vc_column-inner\"><div class=\"wpb_wrapper\"><div class=\"mkdf-section-title-holder\" style=\"text-align: left\">\n\t<div class=\"mkdf-st-inner\">\n\t\t\t\t\t<h5 class=\"mkdf-st-subtitle\" >\n\t\t\t\tAmanecer y Atardecer Los Haitises \t\t\t<\/h5>\n\t\t\t\t\t\t\t<h3 class=\"mkdf-st-title\" >\n\t\t\t\tLos Haitises Amanecer o Atardecer Excursi\u00f3n privada en kayak con lugare\u00f1os\t\t\t<\/h3>\n\t\t\t\t\t<\/div>\n<\/div><\/div><\/div><\/div><\/div><div class=\"vc_row wpb_row vc_row-fluid\" ><div class=\"wpb_column vc_column_container vc_col-sm-12\"><div class=\"vc_column-inner\"><div class=\"wpb_wrapper\"><div class=\"vc_empty_space\"   style=\"height: 32px\"><span class=\"vc_empty_space_inner\"><\/span><\/div><\/div><\/div><\/div><\/div><div class=\"vc_row wpb_row vc_row-fluid\" ><\/div><div class=\"wpb_column vc_column_container vc_col-sm-12\"><div class=\"vc_column-inner\"><div class=\"wpb_wrapper\"><\/div><\/div><\/div>\n\t<div class=\"wpb_text_column wpb_content_element\" >\n\t\t<div class=\"wpb_wrapper\">\n\t\t\t\n\t\t<\/div>\n\t<\/div>\n<h4><b><i>Visi\u00f3n general <\/i><\/b><\/h4>\n<p>Kayak Manglares en el Parque Nacional Los Haitises con un gu\u00eda local 3 Horas. El mejor momento cuando no hay visitantes en el Parque Nacional Los Haitises se establece en este viaje.  Visitando Manglares en el Rio Ca\u00f1o Hondo mas una vista de la Bahia de San Lorenzo en el Parque Nacional Los Haitises, Sabana de la Mar zona de Ca\u00f1o Hondo. En caso de viaje corto: <a href=\"https:\/\/www.ticketswhales.com\/Tours-Excursions\/caves\/kayaking-in-los-haitises-with-tour-guide-from-cano-hondo-2\/\" target=\"_blank\" rel=\"noopener\"><em><strong>Kayak Los Haitises 2 Horas<\/strong><\/em><\/a><\/p>\n<ul>\n<li style=\"font-weight: 400;\"><span style=\"font-weight: 400;\">La gu\u00eda proporciona instrucci\u00f3n y Supervisi\u00f3n<\/span><\/li>\n<li>Kayaks y remos est\u00e1n disponibles Doble para dos personas y Simple para una sola persona.<\/li>\n<\/ul>\n<p>&nbsp;<\/p>\n<h4><b>Inclusiones y exclusiones<\/b><\/h4>\n<p>&nbsp;<\/p>\n<p><b>Incluye<\/b><\/p>\n<p>&nbsp;<\/p>\n<ol>\n<li style=\"font-weight: 400;\">Viaje en kayak<\/li>\n<li style=\"font-weight: 400;\"><span style=\"font-weight: 400;\">Todos los impuestos, tasas y gastos de tramitaci\u00f3n<\/span><\/li>\n<li style=\"font-weight: 400;\"><span style=\"font-weight: 400;\">Impuestos locales<\/span><\/li>\n<li style=\"font-weight: 400;\"><span style=\"font-weight: 400;\">Gu\u00eda local<\/span><\/li>\n<\/ol>\n<p><b> Exclusiones<\/b><\/p>\n<ol>\n<li style=\"font-weight: 400;\"><span style=\"font-weight: 400;\">Propinas<\/span><\/li>\n<li style=\"font-weight: 400;\"><span style=\"font-weight: 400;\">Transferencia<\/span><\/li>\n<li>El almuerzo no est\u00e1 incluido<\/li>\n<li style=\"font-weight: 400;\"><span style=\"font-weight: 400;\">Bebidas alcoh\u00f3licas<\/span><\/li>\n<\/ol>\n<p>&nbsp;<\/p>\n<h4><em><strong>Salida y regreso<\/strong><\/em><\/h4>\n<p><span style=\"font-weight: 400;\">El viajero obtendr\u00e1 un punto de encuentro tras el proceso de reserva. Los tours comienzan y terminan en nuestros puntos de encuentro.<\/span><\/p>\n<p>&nbsp;<\/p>\n<h4><b><i>\u00bfQu\u00e9 esperar?<\/i><\/b><\/h4>\n<p>&nbsp;<\/p>\n<p><em><strong>Consigue tus entradas<\/strong><\/em> para visitar 3 horas en Kayak el Bosque del R\u00edo Cano Hondo (Manglares), Islas Rocosas, Observaci\u00f3n de Aves, Amanecer y Atardecer con el gu\u00eda local.<\/p>\n<p>Cuando tengamos todo tipo de equipo requerido para su seguridad (Chalecos salvavidas, etc) la acci\u00f3n comenzar\u00e1 Kayak desde el puerto del R\u00edo Ca\u00f1o Hondo.<\/p>\n<p><span style=\"font-weight: 400;\">La excursi\u00f3n, organizada por \"Booking Adventures\", comienza en el punto de encuentro fijado con el gu\u00eda tur\u00edstico. <\/span>Coja un kayak y atraviese los manglares, pase por antiguas cuevas de piratas y ad\u00e9ntrese en los bosques protegidos de esta pintoresca reserva partiendo de la zona hotelera de Ca\u00f1o Hondo o de Sabana de la Mar,<\/p>\n<div class=\"body-description secondary\">\n<p>Ven con Booking Adventures y empieza a comprobar algunos manglares llenos de aves, colinas ondulantes de exuberante vegetaci\u00f3n y cuevas de <em><strong>Parque Nacional de Los Haitises<\/strong><\/em>. Hacer una excursi\u00f3n en kayak desde el r\u00edo Ca\u00f1o Hondo, Sabana de la Mar. Atraviese los manglares y desembarque en la abierta bah\u00eda de San Lorenzo, desde donde podr\u00e1 fotografiar el escarpado paisaje forestal. Mire hacia el agua para divisar <em><strong>Manat\u00edes<\/strong><\/em>crust\u00e1ceos y <em><strong>delfines.<\/strong><\/em><\/p>\n<p>El nombre del parque nacional procede de sus habitantes originales, los indios ta\u00ednos. En su lengua, \"Haitises\" se traduce como tierras altas o colinas, una referencia a las escarpadas formaciones geol\u00f3gicas con calizas de la costa. Ad\u00e9ntrese en el parque para explorar cuevas como la de <em><strong>Cueva de la Arena<\/strong><\/em> y <strong><em>Cueva de la L\u00ednea.<\/em><\/strong> Las cuevas de la reserva fueron utilizadas como refugio por los indios ta\u00ednos y, m\u00e1s tarde, para ocultar a los piratas. Busque los dibujos de los indios que decoran algunas de las paredes.<\/p>\n<p>En caso de que le guste este viaje corto tenemos una segunda opci\u00f3n: <a href=\"https:\/\/www.ticketswhales.com\/Tours-Excursions\/caves\/kayaking-in-los-haitises-with-tour-guide-from-cano-hondo-2\/\" target=\"_blank\" rel=\"noopener\">Kayak en Los Haitises 2 Horas\u00a0<\/a><\/p>\n<p>El Tour termina en el punto de partida en el Parque Nacional Los Haitises. Recomendamos este viaje a las 6: 00 am en caso de que le gustar\u00eda ver <em><strong>Manat\u00edes<\/strong><\/em>crust\u00e1ceos y <em><strong>delfines.<\/strong><\/em><\/p>\n<\/div>\n<p><em><strong>6 DE LA MA\u00d1ANA<\/strong><\/em>\u00a0 y las 16:00 son las mejores horas secretas para estar solo en el Parque Nacional Los Haitises. Disfrutar de la naturaleza y de las aguas tranquilas.<\/p>\n<h4><em><strong>\u00bfQu\u00e9 debe llevar?<\/strong><\/em><\/h4>\n<ul>\n<li style=\"font-weight: 400;\"><span style=\"font-weight: 400;\">C\u00e1mara<\/span><\/li>\n<li style=\"font-weight: 400;\"><span style=\"font-weight: 400;\">Brotes repelentes<\/span><\/li>\n<li style=\"font-weight: 400;\"><span style=\"font-weight: 400;\">crema solar<\/span><\/li>\n<li style=\"font-weight: 400;\"><span style=\"font-weight: 400;\">Sombrero<\/span><\/li>\n<li style=\"font-weight: 400;\"><span style=\"font-weight: 400;\">Pantalones c\u00f3modos<\/span><\/li>\n<li style=\"font-weight: 400;\"><span style=\"font-weight: 400;\">Sandalias\u00a0<\/span><\/li>\n<li style=\"font-weight: 400;\"><span style=\"font-weight: 400;\">Ropa de ba\u00f1o<\/span><\/li>\n<\/ul>\n<p>&nbsp;<\/p>\n<h4><b><i>Recogida en el hotel <\/i><\/b><\/h4>\n<p><span style=\"font-weight: 400;\">Para esta excursi\u00f3n no se ofrece recogida en el hotel. <\/span><\/p>\n<p>&nbsp;<\/p>\n<p><b>Nota:<\/b><span style=\"font-weight: 400;\"> si realiza la reserva dentro de las 24 horas anteriores a la hora de salida del tour\/excursi\u00f3n, podemos organizar la recogida en el hotel con cargo adicional. Una vez realizada la compra, le enviaremos toda la informaci\u00f3n de contacto (n\u00famero de tel\u00e9fono, direcci\u00f3n de correo electr\u00f3nico, etc.) para que nuestro gu\u00eda local organice la recogida.<\/span><\/p>\n<h4><b><i>Informaci\u00f3n adicional Confirmaci\u00f3n <\/i><\/b><\/h4>\n<ol>\n<li>Las entradas son el recibo despu\u00e9s de pagar este Tour. Usted puede showthe pago en su tel\u00e9fono.<\/li>\n<li style=\"font-weight: 400;\"><span style=\"font-weight: 400;\">El punto de encuentro se recibir\u00e1 despu\u00e9s del proceso de reserva.<\/span><\/li>\n<li style=\"font-weight: 400;\"><span style=\"font-weight: 400;\">Los ni\u00f1os deben ir acompa\u00f1ados de un adulto.<\/span><\/li>\n<li style=\"font-weight: 400;\"><span style=\"font-weight: 400;\"> No accesible en silla de ruedas <\/span><\/li>\n<li style=\"font-weight: 400;\"><span style=\"font-weight: 400;\">Los beb\u00e9s deben sentarse en el regazo <\/span><\/li>\n<li style=\"font-weight: 400;\"><span style=\"font-weight: 400;\">No recomendado para viajeros con problemas de espalda<\/span><\/li>\n<li style=\"font-weight: 400;\"><span style=\"font-weight: 400;\">No recomendado para embarazadas <\/span><\/li>\n<li style=\"font-weight: 400;\"><span style=\"font-weight: 400;\"> Sin problemas cardiacos ni otras enfermedades graves <\/span><\/li>\n<li style=\"font-weight: 400;\"><span style=\"font-weight: 400;\">La mayor\u00eda de los viajeros pueden participar<\/span><\/li>\n<\/ol>\n<h4><b><i>Pol\u00edtica de cancelaci\u00f3n<\/i><\/b><\/h4>\n<p><span style=\"font-weight: 400;\"><span style=\"vertical-align: inherit;\"><span style=\"vertical-align: inherit;\">Para obtener un reembolso completo, cancele al menos 74 horas antes de la fecha de inicio de la experiencia. <\/span><\/span><\/span><span style=\"vertical-align: inherit;\"><span style=\"vertical-align: inherit;\">[\/ vc_column_text] [\/ vc_column] [\/ vc_row] <div class=\"vc_row wpb_row vc_row-fluid\" ><\/div> <div class=\"wpb_column vc_column_container vc_col-sm-12\"><div class=\"vc_column-inner\"><div class=\"wpb_wrapper\"><\/div><\/div><\/div> <div class=\"vc_empty_space\"   style=\"height: 32px\"><span class=\"vc_empty_space_inner\"><\/span><\/div> \n\t<div class=\"wpb_text_column wpb_content_element\" >\n\t\t<div class=\"wpb_wrapper\">\n\t\t\t\n\t\t<\/div>\n\t<\/div>\n<\/span><\/span><\/p>\n<h4><span style=\"vertical-align: inherit;\"><span style=\"vertical-align: inherit;\">\u00bfCont\u00e1ctenos?<\/span><\/span><\/h4>\n<h5><span style=\"vertical-align: inherit;\"><span style=\"vertical-align: inherit;\">Reservas de aventuras<\/span><\/span><\/h5>\n<p><em><span style=\"vertical-align: inherit;\"><span style=\"vertical-align: inherit;\">\u00a0Servicios para hu\u00e9spedes y gu\u00edas tur\u00edsticos <\/span><strong><span style=\"vertical-align: inherit;\">locales<\/span><\/strong><span style=\"vertical-align: inherit;\"> \u00a0y\u00a0 <\/span><\/span><strong><span style=\"vertical-align: inherit;\"><span style=\"vertical-align: inherit;\">nacionales<\/span><\/span><\/strong><\/em><\/p>\n<p><span class=\"text-turquoise\"><span style=\"vertical-align: inherit;\"><span style=\"vertical-align: inherit;\">Reservas:<\/span><\/span><\/span><span style=\"vertical-align: inherit;\"><span style=\"vertical-align: inherit;\"> \u00a0Tours y Excursiones en Dom. <\/span><span style=\"vertical-align: inherit;\">Reps.<\/span><\/span><\/p>\n<p><img decoding=\"async\" class=\"emoji\" draggable=\"false\" src=\"https:\/\/s.w.org\/images\/core\/emoji\/11.2.0\/svg\/1f4de.svg\" alt=\"\ud83d\udcde\" \/><span style=\"vertical-align: inherit;\"><span style=\"vertical-align: inherit;\">\u00a0Tel \/ Whatsapp\u00a0\u00a0 <\/span><\/span><a href=\"tel:+1-809-720-6035\"><span style=\"vertical-align: inherit;\"><span style=\"vertical-align: inherit;\">+ 1-809-720-6035<\/span><\/span><\/a><span style=\"vertical-align: inherit;\"><span style=\"vertical-align: inherit;\"> .<\/span><\/span><\/p>\n<p><img decoding=\"async\" class=\"emoji\" draggable=\"false\" src=\"https:\/\/s.w.org\/images\/core\/emoji\/11.2.0\/svg\/1f4e9.svg\" alt=\"\ud83d\udce9\" \/>\u00a0<a href=\"mailto:info@ellimonwaterfall.com\"><span style=\"vertical-align: inherit;\"><span style=\"vertical-align: inherit;\">info@ellimonwaterfall.com<\/span><\/span><\/a><\/p>\n<p><strong><span style=\"vertical-align: inherit;\"><span style=\"vertical-align: inherit;\">Somos tours privados de configuraci\u00f3n flexible por Whatsapp:\u00a0 <\/span><\/span><a href=\"tel:+18097206035\"><span style=\"vertical-align: inherit;\"><span style=\"vertical-align: inherit;\">+18097206035. <\/span><\/span><\/a><\/strong><span style=\"vertical-align: inherit;\"><span style=\"vertical-align: inherit;\">[\/ vc_column_text] <div class=\"vc_empty_space\"   style=\"height: 32px\"><span class=\"vc_empty_space_inner\"><\/span><\/div> [\/ vc_column] [\/ vc_row]<\/span><\/span><\/p>","protected":false},"excerpt":{"rendered":"<p><span style=\"vertical-align: inherit;\"><span style=\"vertical-align: inherit;\">Si est\u00e1 planeando visitar Los Haitises de una manera rom\u00e1ntica adem\u00e1s de estar solo en la naturaleza y quedarse con la hora del amanecer o el atardecer. <\/span><span style=\"vertical-align: inherit;\">Este es el mejor viaje privado para ti.<\/span><\/span><\/p>\n<p><strong><span style=\"vertical-align: inherit;\"><span style=\"vertical-align: inherit;\">Salida<\/span><\/span><\/strong><span style=\"vertical-align: inherit;\"><span style=\"vertical-align: inherit;\"> del <\/span><strong><span style=\"vertical-align: inherit;\">sol<\/span><\/strong><span style=\"vertical-align: inherit;\"> desde las 5:30 am hasta las 8:30 am Viaje.<\/span><\/span><\/p>\n<p><strong><span style=\"vertical-align: inherit;\"><span style=\"vertical-align: inherit;\">Atardecer<\/span><\/span><\/strong><span style=\"vertical-align: inherit;\"><span style=\"vertical-align: inherit;\"> de 4:00 Pm a 7:00 Pm Viaje.<\/span><\/span><\/p>\n<p><strong><span style=\"vertical-align: inherit;\"><span style=\"vertical-align: inherit;\">Seleccione la fecha para el Tour:<\/span><\/span><\/strong><\/p>","protected":false},"featured_media":13834,"template":"","meta":[],"product_brand":[],"product_cat":[738,295,751,346,746,322,323],"product_tag":[325,327,347,352,399,400,401,333,335,402,403,313,349,350],"class_list":{"0":"post-14045","1":"product","2":"type-product","3":"status-publish","4":"has-post-thumbnail","6":"product_cat-1-sabana-de-la-mar","7":"product_cat-hiking","8":"product_cat-hiking-los-haitises","9":"product_cat-kayaking","10":"product_cat-kayaking-los-haitises","11":"product_cat-tours-excursions-los-haitises-national-park","12":"product_cat-tours-excursions-samana-bay-dominican-republic","13":"product_tag-cano-hondo","14":"product_tag-cano-hondo-hotel","15":"product_tag-day-tour-cano-hondo","16":"product_tag-kayak-dominican-republic","17":"product_tag-kayaking-dominican-republic","18":"product_tag-kayaking-los-haitises","19":"product_tag-kayaks","20":"product_tag-los-haitises","21":"product_tag-los-haitises-national-park","22":"product_tag-los-haitises-tours","23":"product_tag-private-tours-samana","24":"product_tag-sabana-de-la-mar","25":"product_tag-samana-bay","26":"product_tag-samana-excursions","28":"first","29":"instock","30":"sale","31":"virtual","32":"sold-individually","33":"purchasable","34":"product-type-simple"},"_links":{"self":[{"href":"https:\/\/ellimonwaterfall.com\/es\/wp-json\/wp\/v2\/product\/14045","targetHints":{"allow":["GET"]}}],"collection":[{"href":"https:\/\/ellimonwaterfall.com\/es\/wp-json\/wp\/v2\/product"}],"about":[{"href":"https:\/\/ellimonwaterfall.com\/es\/wp-json\/wp\/v2\/types\/product"}],"wp:featuredmedia":[{"embeddable":true,"href":"https:\/\/ellimonwaterfall.com\/es\/wp-json\/wp\/v2\/media\/13834"}],"wp:attachment":[{"href":"https:\/\/ellimonwaterfall.com\/es\/wp-json\/wp\/v2\/media?parent=14045"}],"wp:term":[{"taxonomy":"product_brand","embeddable":true,"href":"https:\/\/ellimonwaterfall.com\/es\/wp-json\/wp\/v2\/product_brand?post=14045"},{"taxonomy":"product_cat","embeddable":true,"href":"https:\/\/ellimonwaterfall.com\/es\/wp-json\/wp\/v2\/product_cat?post=14045"},{"taxonomy":"product_tag","embeddable":true,"href":"https:\/\/ellimonwaterfall.com\/es\/wp-json\/wp\/v2\/product_tag?post=14045"}],"curies":[{"name":"wp","href":"https:\/\/api.w.org\/{rel}","templated":true}]}}