{"id":14062,"date":"2021-11-25T10:26:52","date_gmt":"2021-11-25T10:26:52","guid":{"rendered":"https:\/\/ellimonwaterfall.com\/?post_type=product&#038;p=14062"},"modified":"2021-11-25T10:27:08","modified_gmt":"2021-11-25T10:27:08","slug":"el-limon-waterfall-cayo-levantado-from-puerto-plata-private-tour","status":"publish","type":"product","link":"https:\/\/ellimonwaterfall.com\/et\/dominicantour\/el-limon-veejooksu-kajo-levantado-puerto-plata-privaat-tuur\/","title":{"rendered":"El Lim\u00f3ni juga ja Cayo Levantado Puerto Platast eraturnee"},"content":{"rendered":"<div class=\"vc_row wpb_row vc_row-fluid\" ><div class=\"wpb_column vc_column_container vc_col-sm-12\"><div class=\"vc_column-inner\"><div class=\"wpb_wrapper\"><div class=\"mkdf-section-title-holder\" style=\"text-align: left\">\n\t<div class=\"mkdf-st-inner\">\n\t\t\t\t\t<h5 class=\"mkdf-st-subtitle\" >\n\t\t\t\tTransport ja l\u00f5unas\u00f6\u00f6k kaasa arvatud\t\t\t<\/h5>\n\t\t\t\t\t\t\t<h3 class=\"mkdf-st-title\" >\n\t\t\t\tEl Limoni juga ja Cayo Levantado Puerto Platast.\t\t\t<\/h3>\n\t\t\t\t\t<\/div>\n<\/div><\/div><\/div><\/div><\/div><div class=\"vc_row wpb_row vc_row-fluid\" ><div class=\"wpb_column vc_column_container vc_col-sm-12\"><div class=\"vc_column-inner\"><div class=\"wpb_wrapper\">\n\t<div class=\"wpb_text_column wpb_content_element\" >\n\t\t<div class=\"wpb_wrapper\">\n\t\t\t<h3 class=\"LC20lb\">El Lim\u00f3ni juga + Cayo Levantado - ekskursioon Saman\u00e1 t\u00e4isp\u00e4evane reis Puerto Platast.<\/h3>\n<h4><b><i>\u00dclevaade <\/i><\/b><\/h4>\n<p>Eraekskursioon El Limoni juga ja Cayo Levantado ( Bacardi saar) k\u00fclastamiseks Puerto Platast. Kaks tegevust \u00fche p\u00e4eva jooksul, k\u00fclastades koos kohaliku giidiga metsa ilu ja El Limoni kogukonna juga. V\u00f5ite teha selle reisi matkamine v\u00f5i ratsutamine Hobused l\u00e4bi kohvi ja kookosp\u00e4hklid teed. P\u00e4rast El limoni juga k\u00fclastamist s\u00f5idame Samana City keskuse muulile ja v\u00f5tame paadi Cayo Levantado'le, mida nimetatakse ka Bacardi saareks. Seal naudime buffet l\u00f5unas\u00f6\u00f6ki ja p\u00e4rastl\u00f5unal ujumist Cayo Levantado rannas koos v\u00f5imalusega snorgeldada korallriffidel.<\/p>\n<p>P\u00e4rast seda kogemust saate tagasi meie kohtumispaika, kust me teid Puerto Platas \u00fcles v\u00f5tame.<\/p>\n<ul>\n<li style=\"font-weight: 400;\">Tasud kaasa arvatud<\/li>\n<li>L\u00f5unas\u00f6\u00f6k<\/li>\n<li>Suupisted<\/li>\n<li style=\"font-weight: 400;\">Kohalik giid inglise v\u00f5i prantsuse keeles<\/li>\n<li>Transport<\/li>\n<li>Paadireis<\/li>\n<\/ul>\n<p>&nbsp;<\/p>\n<h4><b>Lisad ja erandid<\/b><\/h4>\n<p>&nbsp;<\/p>\n<p><b>Lisandid<\/b><\/p>\n<ol>\n<li style=\"font-weight: 400;\">El Limoni juga Matkamine v\u00f5i ratsutamine<\/li>\n<li>L\u00f5unas\u00f6\u00f6k<\/li>\n<li style=\"font-weight: 400;\"><span style=\"font-weight: 400;\">K\u00f5ik maksud, tasud ja k\u00e4itlemiskulud<\/span><\/li>\n<li style=\"font-weight: 400;\"><span style=\"font-weight: 400;\">Kohalikud maksud<\/span><\/li>\n<li style=\"font-weight: 400;\"><span style=\"font-weight: 400;\">Joogid<\/span><\/li>\n<li>Suupisted<\/li>\n<li style=\"font-weight: 400;\"><span style=\"font-weight: 400;\">K\u00f5ik tegevused<\/span><\/li>\n<li style=\"font-weight: 400;\"><span style=\"font-weight: 400;\">Kohalik giid<\/span><\/li>\n<\/ol>\n<p><b> Erandid<\/b><\/p>\n<ol>\n<li style=\"font-weight: 400;\"><span style=\"font-weight: 400;\">H\u00fcvitised<\/span><\/li>\n<li style=\"font-weight: 400;\"><span style=\"font-weight: 400;\">Alkohoolsed joogid<\/span><\/li>\n<\/ol>\n<p>&nbsp;<\/p>\n<h4><em><strong>V\u00e4ljumine ja tagasip\u00f6\u00f6rdumine<\/strong><\/em><\/h4>\n<p><span style=\"font-weight: 400;\">Reisija saab kohtumispaiga p\u00e4rast broneerimisprotsessi. Ekskursioonid algavad ja l\u00f5pevad teie kohtumispaikades.<\/span><\/p>\n<h4><\/h4>\n<h3 class=\"LC20lb\">El Lim\u00f3ni juga + Cayo Levantado - ekskursioon Samanas<\/h3>\n<h4><b><i>Mida oodata?<\/i><\/b><\/h4>\n<p><em><strong>Hankige oma piletid<\/strong><\/em> El limoni juga ja Cayo Levantado saare k\u00fclastamiseks koos transfeeriga Puerto Platast. Terve p\u00e4evane reis. Alustades Samanast koos transpordiga El limoni juga.<\/p>\n<p>Ekskursioon, mida korraldab \"Booking Adventures\", algab giidiga m\u00e4\u00e4ratud kohtumispaigast. Tulge koos Booking Adventures'iga eramatkale El Limoni juga koos kohaliku giidiga. Ratsutamine v\u00f5i matkamine metsa \u00e4\u00e4res, mis kulgeb \u00fcmber Limoni j\u00f5e serva, k\u00fclastades kakao- ja kohvipuuistandusi kookosp\u00e4hkli varjutavate palmide all. Esmalt peatumine V\u00e4ikeses juga, kus tavaliselt ei ole palju inimesi ja saate ujuda \u00fcmber. P\u00e4rast j\u00e4tkame suurele juga, kus viibime tund v\u00f5i rohkem, kui soovite.<\/p>\n<p>Hobuste saamine v\u00f5i matkamine tagasi autosse ja s\u00f5itmine tagasi Samana sadamasse. Kuidas pardal k\u00fclastada Bacardi saarel, sest Grill kala Tostones ja salat ootavad meid maitse l\u00f5unas\u00f6\u00f6k v\u00f5i v\u00f5ite saada muid v\u00f5imalusi, nagu homaarid men\u00fc\u00fcs lisatasu eest.<\/p>\n<p>Ujuge vabalt \u00fchel Dominikaani Vabariigi kaunimatest randadest. Ja m\u00e4\u00e4rata aega l\u00f5petada meie tour Guide.<\/p>\n<p>&nbsp;<\/p>\n<h4><em><strong>Mida peaksite kaasa v\u00f5tma?<\/strong><\/em><\/h4>\n<ul>\n<li style=\"font-weight: 400;\"><span style=\"font-weight: 400;\">Kaamera<\/span><\/li>\n<li style=\"font-weight: 400;\"><span style=\"font-weight: 400;\">Repellentne pungad<\/span><\/li>\n<li style=\"font-weight: 400;\"><span style=\"font-weight: 400;\">P\u00e4ikesekreem<\/span><\/li>\n<li style=\"font-weight: 400;\"><span style=\"font-weight: 400;\">M\u00fctsike<\/span><\/li>\n<li style=\"font-weight: 400;\"><span style=\"font-weight: 400;\">Mugavad p\u00fcksid<\/span><\/li>\n<li style=\"font-weight: 400;\"><span style=\"font-weight: 400;\">Matkakingad metsa jaoks<\/span><\/li>\n<li style=\"font-weight: 400;\"><span style=\"font-weight: 400;\">Liivad kevadistele aladele.<\/span><\/li>\n<li style=\"font-weight: 400;\"><span style=\"font-weight: 400;\">Ujumisriided<\/span><\/li>\n<\/ul>\n<p>&nbsp;<\/p>\n<h4><b><i>Hotelli pealev\u00f5tmine <\/i><\/b><\/h4>\n<p><span style=\"font-weight: 400;\">Selle ekskursiooni puhul ei pakuta hotelli pealev\u00f5tmist. <\/span><\/p>\n<p>&nbsp;<\/p>\n<p><b>M\u00e4rkus:<\/b><span style=\"font-weight: 400;\"> Kui broneerite reisi 24 tunni jooksul enne ekskursiooni\/ekskursiooni v\u00e4ljumise aega, saame korraldada hotelli pealev\u00f5tmise lisatasu eest. Kui teie ost on tehtud, saadame teile t\u00e4ieliku kontaktinformatsiooni (telefoninumber, e-posti aadress jne.) meie kohaliku reisijuhi jaoks, et korraldada pealev\u00f5tmine.<\/span><\/p>\n<h4><b><i>Lisainfo Kinnitus <\/i><\/b><\/h4>\n<ol>\n<li>Piletid on kviitung p\u00e4rast selle Touri maksmist. V\u00f5ite n\u00e4idata makse oma telefonis.<\/li>\n<li style=\"font-weight: 400;\"><span style=\"font-weight: 400;\">Kohtumispaik saadakse p\u00e4rast broneerimisprotsessi.<\/span><\/li>\n<li style=\"font-weight: 400;\"><span style=\"font-weight: 400;\">Lastel peab olema kaasas t\u00e4iskasvanu.<\/span><\/li>\n<li style=\"font-weight: 400;\"><span style=\"font-weight: 400;\"> Ei ole ligip\u00e4\u00e4setav ratastooliga <\/span><\/li>\n<li style=\"font-weight: 400;\"><span style=\"font-weight: 400;\">Imikud peavad istuma s\u00fcles <\/span><\/li>\n<li style=\"font-weight: 400;\"><span style=\"font-weight: 400;\">Ei soovitata seljaprobleemidega reisijatele<\/span><\/li>\n<li style=\"font-weight: 400;\"><span style=\"font-weight: 400;\">Ei soovitata rasedatele reisijatele <\/span><\/li>\n<li style=\"font-weight: 400;\"><span style=\"font-weight: 400;\"> S\u00fcdameprobleemid v\u00f5i muud t\u00f5sised haigusseisundid puuduvad <\/span><\/li>\n<li style=\"font-weight: 400;\"><span style=\"font-weight: 400;\">Enamik reisijaid saab osaleda<\/span><\/li>\n<\/ol>\n<h4><b><i>T\u00fchistamispoliitika<\/i><\/b><\/h4>\n<p><span style=\"font-weight: 400;\">T\u00e4ielik tagasimaksmine p\u00e4rast tasude tasumist toimub v\u00e4hemalt 7 p\u00e4eva enne kogemuse alguskuup\u00e4eva. Kui broneering t\u00fchistatakse reisi toimumise p\u00e4eval, kaotatakse raha.<\/span><\/p>\n\n\t\t<\/div>\n\t<\/div>\n<\/div><\/div><\/div><\/div><div class=\"vc_row wpb_row vc_row-fluid\" ><div class=\"wpb_column vc_column_container vc_col-sm-12\"><div class=\"vc_column-inner\"><div class=\"wpb_wrapper\">\n\t<div class=\"wpb_video_widget wpb_content_element vc_clearfix   vc_video-aspect-ratio-169 vc_video-el-width-100 vc_video-align-left\" >\n\t\t<div class=\"wpb_wrapper\">\n\t\t\t\n\t\t\t<div class=\"wpb_video_wrapper\"><a href=\"https:\/\/www.youtube.com\/watch?v=oWlwxZLQnVU\" target=\"_blank\" rel=\"noopener\">https:\/\/www.youtube.com\/watch?v=oWlwxZLQnVU<\/a><\/div>\n\t\t<\/div>\n\t<\/div>\n<\/div><\/div><\/div><\/div><div class=\"vc_row wpb_row vc_row-fluid\" ><div class=\"wpb_column vc_column_container vc_col-sm-12\"><div class=\"vc_column-inner\"><div class=\"wpb_wrapper\"><div class=\"vc_empty_space\"   style=\"height: 32px\"><span class=\"vc_empty_space_inner\"><\/span><\/div>\n\t<div class=\"wpb_text_column wpb_content_element\" >\n\t\t<div class=\"wpb_wrapper\">\n\t\t\t<h4>V\u00f5tke meiega \u00fchendust?<\/h4>\n<h5>Seikluste broneerimine<\/h5>\n<p><em><strong>Kohalikud<\/strong>\u00a0ja\u00a0<strong>Rahvuslased<\/strong>\u00a0Reisijuhid ja k\u00fclaliste teenindus<\/em><\/p>\n<p><span class=\"text-turquoise\">Broneeringud:<\/span>\u00a0Ekskursioonid ja ekskursioonid Dom. Rep.<\/p>\n<p><img decoding=\"async\" class=\"emoji\" draggable=\"false\" src=\"https:\/\/s.w.org\/images\/core\/emoji\/11.2.0\/svg\/1f4de.svg\" alt=\"\ud83d\udcde\" \/>\u00a0Tel \/ Whatsapp\u00a0\u00a0<a href=\"tel:+1-809-720-6035\">+1-809-720-6035<\/a>.<\/p>\n<p><img decoding=\"async\" class=\"emoji\" draggable=\"false\" src=\"https:\/\/s.w.org\/images\/core\/emoji\/11.2.0\/svg\/1f4e9.svg\" alt=\"\ud83d\udce9\" \/>\u00a0<a href=\"mailto:info@ellimonwaterfall.com\">info@ellimonwaterfall.com<\/a><\/p>\n<p><strong>Me oleme paindlik Seadistamine Private Tours poolt Whatsapp:\u00a0<a href=\"tel:+18097206035\">+18097206035.<\/a><\/strong><\/p>\n\n\t\t<\/div>\n\t<\/div>\n<div class=\"vc_empty_space\"   style=\"height: 32px\"><span class=\"vc_empty_space_inner\"><\/span><\/div><\/div><\/div><\/div><\/div>","protected":false},"excerpt":{"rendered":"<p><span class=\"Y2IQFc\" lang=\"en\">Eraekskursioon El Lim\u00f3ni ja Cayo Levantado juga (Bacardi saar) k\u00fclastamiseks Puerto Platast. Kaks tegevust \u00fche p\u00e4eva jooksul, k\u00fclastades koos kohaliku giidiga El Lim\u00f3ni kogukonna metsa ilu ja juga. Seda matka saab ette v\u00f5tta jalgsi v\u00f5i hobuse seljas m\u00f6\u00f6da kohvi- ja kookosp\u00e4hklirada. P\u00e4rast El Lim\u00f3ni juga k\u00fclastamist l\u00e4heme Saman\u00e1 kesklinnas asuvale muulile ja v\u00f5tame paadi Cayo Levantado, mida nimetatakse ka Bacardi saareks. Seal s\u00f6\u00f6me buffet-l\u00f5unat ja p\u00e4rastl\u00f5unal ujume Cayo Levantado rannas koos v\u00f5imalusega snorgeldada korallriffides.<\/span><\/p>\n<p>&nbsp;<\/p>\n<p><b>Valige reisi kuup\u00e4ev:\u00a0<\/b><\/p>","protected":false},"featured_media":13670,"template":"","meta":[],"product_brand":[],"product_cat":[740,748,817,467,321,323,813],"product_tag":[341,365,468,342,428,818,819,469,470,471,344,350,345],"class_list":{"0":"post-14062","1":"product","2":"type-product","3":"status-publish","4":"has-post-thumbnail","6":"product_cat-el-limon-horseback-riding","7":"product_cat-el-limon-samana","8":"product_cat-puerto-plata-tour","9":"product_cat-salto-el-limon-and-bacardi-island","10":"product_cat-tours-and-excursions","11":"product_cat-tours-excursions-samana-bay-dominican-republic","12":"product_cat-ultimo2022","13":"product_tag-cayo-levantado","14":"product_tag-cayo-levantado-tour","15":"product_tag-el-limon-tours","16":"product_tag-el-limon-waterfalls","17":"product_tag-las-terrenas","18":"product_tag-puerto-plata-excursion","19":"product_tag-puerto-plata-tour","20":"product_tag-salto-el-limon","21":"product_tag-salto-el-limon-hiking","22":"product_tag-salto-el-limon-tour","23":"product_tag-samana","24":"product_tag-samana-excursions","25":"product_tag-samana-tours","27":"first","28":"instock","29":"sale","30":"virtual","31":"sold-individually","32":"purchasable","33":"product-type-simple"},"_links":{"self":[{"href":"https:\/\/ellimonwaterfall.com\/et\/wp-json\/wp\/v2\/product\/14062","targetHints":{"allow":["GET"]}}],"collection":[{"href":"https:\/\/ellimonwaterfall.com\/et\/wp-json\/wp\/v2\/product"}],"about":[{"href":"https:\/\/ellimonwaterfall.com\/et\/wp-json\/wp\/v2\/types\/product"}],"wp:featuredmedia":[{"embeddable":true,"href":"https:\/\/ellimonwaterfall.com\/et\/wp-json\/wp\/v2\/media\/13670"}],"wp:attachment":[{"href":"https:\/\/ellimonwaterfall.com\/et\/wp-json\/wp\/v2\/media?parent=14062"}],"wp:term":[{"taxonomy":"product_brand","embeddable":true,"href":"https:\/\/ellimonwaterfall.com\/et\/wp-json\/wp\/v2\/product_brand?post=14062"},{"taxonomy":"product_cat","embeddable":true,"href":"https:\/\/ellimonwaterfall.com\/et\/wp-json\/wp\/v2\/product_cat?post=14062"},{"taxonomy":"product_tag","embeddable":true,"href":"https:\/\/ellimonwaterfall.com\/et\/wp-json\/wp\/v2\/product_tag?post=14062"}],"curies":[{"name":"wp","href":"https:\/\/api.w.org\/{rel}","templated":true}]}}