{"id":13971,"date":"2021-11-25T10:25:56","date_gmt":"2021-11-25T10:25:56","guid":{"rendered":"https:\/\/ellimonwaterfall.com\/?post_type=product&#038;p=13971"},"modified":"2025-02-27T13:38:24","modified_gmt":"2025-02-27T13:38:24","slug":"samana-cayo-levantado-bacardi-island-and-whale-watching-from-miches-in-catamaran","status":"publish","type":"product","link":"https:\/\/ellimonwaterfall.com\/hu\/dominicantour\/samana-cayo-levantado-bacardi-island-and-whale-watching-from-miches-in-catamaran\/","title":{"rendered":"Samana Cayo Levantado (Bacardi-sziget) \u00e9s b\u00e1lnafigyel\u00e9s Michesb\u0151l katamar\u00e1nnal"},"content":{"rendered":"<p><span style=\"vertical-align: inherit;\"><span style=\"vertical-align: inherit;\"><div class=\"vc_row wpb_row vc_row-fluid\" ><\/div> <div class=\"wpb_column vc_column_container vc_col-sm-12\"><div class=\"vc_column-inner\"><div class=\"wpb_wrapper\"><\/div><\/div><\/div> [\/ vc_column] [\/ vc_row] <div class=\"vc_row wpb_row vc_row-fluid\" ><\/div> <div class=\"wpb_column vc_column_container vc_col-sm-12\"><div class=\"vc_column-inner\"><div class=\"wpb_wrapper\"><\/div><\/div><\/div> <div class=\"mkdf-section-title-holder\" style=\"text-align: left\">\n\t<div class=\"mkdf-st-inner\">\n\t\t\t\t\t\t\t<h3 class=\"mkdf-st-title\" >\n\t\t\t\tCayo Levantado + Avistamiento de ballenas de Miches en catamar\u00e1n\t\t\t<\/h3>\n\t\t\t\t\t<\/div>\n<\/div> <div class=\"vc_empty_space\"   style=\"height: 32px\"><span class=\"vc_empty_space_inner\"><\/span><\/div> \n\t<div class=\"wpb_text_column wpb_content_element\" >\n\t\t<div class=\"wpb_wrapper\">\n\t\t\t\n\t\t<\/div>\n\t<\/div>\n<\/span><\/span><\/p>\n<div class=\"vc_row wpb_row vc_row-fluid\">\n<div class=\"wpb_column vc_column_container vc_col-sm-12\">\n<div class=\"vc_column-inner\">\n<div class=\"wpb_wrapper\">\n<div class=\"wpb_text_column wpb_content_element\">\n<div class=\"wpb_wrapper\">\n<div class=\"vc_row wpb_row vc_row-fluid\">\n<div class=\"wpb_column vc_column_container vc_col-sm-12\">\n<div class=\"vc_column-inner\">\n<div class=\"wpb_wrapper\">\n<div class=\"wpb_text_column wpb_content_element\">\n<div class=\"wpb_wrapper\">\n<h4><b><i><span style=\"vertical-align: inherit;\"><span style=\"vertical-align: inherit;\">\u00c1ltal\u00e1nos k\u00e9p<\/span><\/span><\/i><\/b><\/h4>\n<p>Whale watching in Saman\u00e1 bay starting from Miches port in Catamaran.\u00a0 This Trip starts at 9:00 Am and Finishes at 5:00 Pm. Meeting before in Our port at Miches. After aborting our Catamaran or Boat to visit the Whales in their own habitat.<\/p>\n<p>From 9:00 Am until 12:00-noon Whale watching observatory and After this Whale trip we will visit Bacardi Island \/ Cayo Levantado. In Bacardi Island, Lunch Buffet from typical Dominican Style will be provided. When lunch is finished you are allowed to swim until 4:30 pm. Tour will be finished at 5:00 pm at the same port where it will start.<\/p>\n<p>Note: This tour is Not Private.<strong>\u00a0For a Private tour please Contact us.<\/strong><\/p>\n<ul>\n<li>B\u00e1lnafigyel\u0151 kir\u00e1ndul\u00e1s<\/li>\n<li>Bel\u00e9p\u0151jegyek a csillagvizsg\u00e1l\u00f3ba<\/li>\n<li>B\u00fcf\u00e9eb\u00e9d a tengerparton<\/li>\n<li>Haj\u00f3 transzfer<\/li>\n<li>A kapit\u00e1ny utas\u00edt\u00e1sokat \u00e9s fel\u00fcgyeletet biztos\u00edt<\/li>\n<li>Idegenvezet\u0151<\/li>\n<\/ul>\n<p>&nbsp;<\/p>\n<h4><b>Tartoz\u00e1sok \u00e9s kiz\u00e1r\u00e1sok<\/b><\/h4>\n<p>&nbsp;<\/p>\n<p><b>Tartalmak<\/b><\/p>\n<p>&nbsp;<\/p>\n<ol>\n<li>B\u00fcf\u00e9eb\u00e9d a tengerparton<\/li>\n<li>B\u00e1lnafigyel\u00e9s<\/li>\n<li>Idegenvezet\u0151<\/li>\n<li>Katamar\u00e1n vagy haj\u00f3kir\u00e1ndul\u00e1s<\/li>\n<li>Minden ad\u00f3, d\u00edj \u00e9s kezel\u00e9si k\u00f6lts\u00e9g<\/li>\n<li>Helyi ad\u00f3k<\/li>\n<li>Italok<\/li>\n<li>Alkoholos italok<\/li>\n<\/ol>\n<p><b>Kiz\u00e1r\u00e1sok<\/b><\/p>\n<ol>\n<li>Jutalmak<\/li>\n<li>Transzfer aut\u00f3<\/li>\n<\/ol>\n<p>&nbsp;<\/p>\n<h4><em><strong>Indul\u00e1s \u00e9s visszat\u00e9r\u00e9s<\/strong><\/em><\/h4>\n<p>Az utaz\u00f3 a foglal\u00e1si folyamat ut\u00e1n kap egy tal\u00e1lkoz\u00e1si pontot. A t\u00far\u00e1k a tal\u00e1lkoz\u00e1si pontjainkon kezd\u0151dnek \u00e9s fejez\u0151dnek be.<\/p>\n<p>&nbsp;<\/p>\n<h4><b><i>Mire sz\u00e1m\u00edtson?<\/i><\/b><\/h4>\n<p>&nbsp;<\/p>\n<p><em><strong>Szerezze be jegyeit<\/strong><\/em>\u00a0for a day Whale Watching tour in Saman\u00e1 bay starting from Miches in Catamaran with local drinks plus a wonderful lunch and beach time.<\/p>\n<p>The Daypass for whale watching, organized by \u201cBooking Adventures\u201d starts at the meeting point set with the Tour Guide. Lunch at the beach and you can stay as long as you want swimming around. If you are Vegan we also can set some food for you.<\/p>\n<p><strong>Menetrend:<\/strong><\/p>\n<p>8:45 AM \u2013 5:00 PM<\/p>\n<p>&nbsp;<\/p>\n<h4><em><strong>Mit hozzon mag\u00e1val?<\/strong><\/em><\/h4>\n<ul>\n<li>Kamera<\/li>\n<li>Repell\u00e1l\u00f3 r\u00fcgyek<\/li>\n<li>Napkr\u00e9m<\/li>\n<li>Kalap<\/li>\n<li>K\u00e9nyelmes nadr\u00e1g<\/li>\n<li>Szand\u00e1l a strandra<\/li>\n<li>\u00dasz\u00f3 ruh\u00e1zat<\/li>\n<li>K\u00e9szp\u00e9nz aj\u00e1nd\u00e9kt\u00e1rgyakra<\/li>\n<\/ul>\n<p>&nbsp;<\/p>\n<h4><b><i>Sz\u00e1llodai \u00e1tv\u00e9tel<\/i><\/b><\/h4>\n<p>Ezen a t\u00far\u00e1n a sz\u00e1llodai felsz\u00e1ll\u00e1st nem biztos\u00edtjuk.<\/p>\n<p>&nbsp;<\/p>\n<p><b>Megjegyz\u00e9s:<\/b>\u00a0ha a t\u00fara\/kir\u00e1ndul\u00e1s indul\u00e1si ideje el\u0151tt 24 \u00f3r\u00e1n bel\u00fcl foglal, akkor a sz\u00e1llodai felsz\u00e1ll\u00e1st fel\u00e1r ellen\u00e9ben tudjuk megoldani. A v\u00e1s\u00e1rl\u00e1s befejez\u00e9se ut\u00e1n elk\u00fcldj\u00fck \u00d6nnek a teljes el\u00e9rhet\u0151s\u00e9get (telefonsz\u00e1m, e-mail c\u00edm, stb.) a helyi idegenvezet\u0151nk sz\u00e1m\u00e1ra, hogy megszervezhesse a felv\u00e9telt.<\/p>\n<h4><b><i>Tov\u00e1bbi inform\u00e1ci\u00f3 Meger\u0151s\u00edt\u00e9s<\/i><\/b><\/h4>\n<ol>\n<li>Jegyek a nyugta kifizet\u00e9se ut\u00e1n a Tour. Meg tudja mutatni a fizet\u00e9st a telefonj\u00e1n.<\/li>\n<li>A tal\u00e1lkoz\u00e1si pont a foglal\u00e1si folyamat ut\u00e1n lesz megadva.<\/li>\n<li>A gyermekeket feln\u0151ttnek kell k\u00eds\u00e9rnie.<\/li>\n<li>kerekessz\u00e9kkel megk\u00f6zel\u00edthet\u0151<\/li>\n<li>A csecsem\u0151knek \u00f6lben kell \u00fclni\u00fck<\/li>\n<li>A legt\u00f6bb utaz\u00f3 r\u00e9szt vehet<\/li>\n<\/ol>\n<h4><b><i>Lemond\u00e1si szab\u00e1lyzat<\/i><\/b><\/h4>\n<p><span style=\"vertical-align: inherit;\"><span style=\"vertical-align: inherit;\">Para obtener un reembolso completo, cancele al menos 24 horas antes de la fecha de inicio de la experiencia.<\/span><\/span><\/p>\n<\/div>\n<\/div>\n<\/div>\n<\/div>\n<\/div>\n<\/div>\n<\/div>\n<\/div>\n<\/div>\n<\/div>\n<\/div>\n<\/div>\n<div class=\"vc_row wpb_row vc_row-fluid\">\n<div class=\"wpb_column vc_column_container vc_col-sm-12\">\n<div class=\"vc_column-inner\">\n<div class=\"wpb_wrapper\">\n<div class=\"vc_empty_space\"><\/div>\n<div class=\"wpb_text_column wpb_content_element\">\n<div class=\"wpb_wrapper\">\n<h4><span style=\"vertical-align: inherit;\"><span style=\"vertical-align: inherit;\">\u00bfCont\u00e1ctenos?<\/span><\/span><\/h4>\n<h5><b><i><span style=\"vertical-align: inherit;\"><span style=\"vertical-align: inherit;\">T\u00daRA BALLENAS SAMANA<\/span><\/span><\/i><\/b><\/h5>\n<p><em><span style=\"vertical-align: inherit;\"><span style=\"vertical-align: inherit;\">\u00a0Servicios para hu\u00e9spedes y gu\u00edas tur\u00edsticos <\/span><strong><span style=\"vertical-align: inherit;\">locales<\/span><\/strong><span style=\"vertical-align: inherit;\"> \u00a0y\u00a0 <\/span><\/span><strong><span style=\"vertical-align: inherit;\"><span style=\"vertical-align: inherit;\">nacionales<\/span><\/span><\/strong><\/em><\/p>\n<p><span class=\"text-turquoise\"><span style=\"vertical-align: inherit;\"><span style=\"vertical-align: inherit;\">Fenntart\u00e1sok:<\/span><\/span><\/span><span style=\"vertical-align: inherit;\"><span style=\"vertical-align: inherit;\"> \u00a0Tours y Excursiones en Dom. <\/span><span style=\"vertical-align: inherit;\">K\u00e9pvisel\u0151k.<\/span><\/span><\/p>\n<p><img decoding=\"async\" class=\"emoji\" draggable=\"false\" src=\"https:\/\/s.w.org\/images\/core\/emoji\/11.2.0\/svg\/1f4de.svg\" alt=\"\ud83d\udcde\" \/><span style=\"vertical-align: inherit;\"><span style=\"vertical-align: inherit;\">\u00a0Tel \/ Whatsapp\u00a0\u00a0 <\/span><\/span><a href=\"tel:+1-809-720-6035\"><span style=\"vertical-align: inherit;\"><span style=\"vertical-align: inherit;\">+ 1-809-720-6035<\/span><\/span><\/a><span style=\"vertical-align: inherit;\"><span style=\"vertical-align: inherit;\"> .<\/span><\/span><\/p>\n<p><img decoding=\"async\" class=\"emoji\" draggable=\"false\" src=\"https:\/\/s.w.org\/images\/core\/emoji\/11.2.0\/svg\/1f4e9.svg\" alt=\"\ud83d\udce9\" \/>\u00a0<a href=\"mailto:info@ellimonwaterfall.com\"><span style=\"vertical-align: inherit;\"><span style=\"vertical-align: inherit;\">info@ellimonwaterfall.com<\/span><\/span><\/a><\/p>\n<p><strong><span style=\"vertical-align: inherit;\"><span style=\"vertical-align: inherit;\">Somos tours privados de configuraci\u00f3n flexible por Whatsapp:\u00a0 <\/span><\/span><a href=\"tel:+18097206035\"><span style=\"vertical-align: inherit;\"><span style=\"vertical-align: inherit;\">+18097206035.<\/span><\/span><\/a><\/strong><\/p>\n<\/div>\n<\/div>\n<\/div>\n<\/div>\n<\/div>\n<\/div>\n<p><span style=\"vertical-align: inherit;\"><span style=\"vertical-align: inherit;\">[\/ vc_column_text] [\/ vc_column] [\/ vc_row] [\/ vc_column]<\/span><\/span><\/p>","protected":false},"excerpt":{"rendered":"<p><strong>\ud83c\udf0a\ud83d\udc0b Whale Miches Tours &amp; Excursions \ud83d\udc0b\ud83c\udf0a<\/strong><\/p>\n<p>Experience the thrill of <strong>whale watching in Saman\u00e1 Bay!<\/strong> \ud83c\udfdd\ufe0f\u2728 Departing from <strong>Miches<\/strong>, embark on an unforgettable adventure with a stop at <strong>Cayo Levantado (Bacard\u00ed Island)<\/strong> to enjoy a <strong>full-day pass in paradise.<\/strong> \ud83c\udf1e\ud83c\udf0a<\/p>\n<p>\ud83d\udd39 <strong>Book now and secure your spot!<\/strong> \ud83d\udd39<br \/>\n\ud83d\udcc5 <strong>Select your excursion date and get ready for a once-in-a-lifetime experience!<\/strong><\/p>","protected":false},"featured_media":13467,"template":"","meta":[],"product_brand":[],"product_cat":[323,761],"product_tag":[472,473,474,475,476,437,439,477,478,479],"class_list":{"0":"post-13971","1":"product","2":"type-product","3":"status-publish","4":"has-post-thumbnail","6":"product_cat-tours-excursions-samana-bay-dominican-republic","7":"product_cat-whale-watching-miches","8":"product_tag-miches-whale-watching","9":"product_tag-samana-dominican-republic","10":"product_tag-samana-whale-watching","11":"product_tag-samana-whale-watching-price","12":"product_tag-things-to-do-in-dominican-republic","13":"product_tag-whale-samana","14":"product_tag-whale-watching-dominican-republic","15":"product_tag-whale-watching-miches","16":"product_tag-whale-watching-miches-dominican-republic","17":"product_tag-when-to-see-whales-dominican-republic","19":"first","20":"instock","21":"sale","22":"sold-individually","23":"shipping-taxable","24":"product-type-external"},"_links":{"self":[{"href":"https:\/\/ellimonwaterfall.com\/hu\/wp-json\/wp\/v2\/product\/13971","targetHints":{"allow":["GET"]}}],"collection":[{"href":"https:\/\/ellimonwaterfall.com\/hu\/wp-json\/wp\/v2\/product"}],"about":[{"href":"https:\/\/ellimonwaterfall.com\/hu\/wp-json\/wp\/v2\/types\/product"}],"wp:featuredmedia":[{"embeddable":true,"href":"https:\/\/ellimonwaterfall.com\/hu\/wp-json\/wp\/v2\/media\/13467"}],"wp:attachment":[{"href":"https:\/\/ellimonwaterfall.com\/hu\/wp-json\/wp\/v2\/media?parent=13971"}],"wp:term":[{"taxonomy":"product_brand","embeddable":true,"href":"https:\/\/ellimonwaterfall.com\/hu\/wp-json\/wp\/v2\/product_brand?post=13971"},{"taxonomy":"product_cat","embeddable":true,"href":"https:\/\/ellimonwaterfall.com\/hu\/wp-json\/wp\/v2\/product_cat?post=13971"},{"taxonomy":"product_tag","embeddable":true,"href":"https:\/\/ellimonwaterfall.com\/hu\/wp-json\/wp\/v2\/product_tag?post=13971"}],"curies":[{"name":"wp","href":"https:\/\/api.w.org\/{rel}","templated":true}]}}